{"id":1033,"date":"2025-07-15T18:59:01","date_gmt":"2025-07-15T16:59:01","guid":{"rendered":"https:\/\/uj.dualdur.com\/?page_id=1033"},"modified":"2025-11-03T07:49:18","modified_gmt":"2025-11-03T06:49:18","slug":"tesztek-arak","status":"publish","type":"page","link":"https:\/\/uj.dualdur.com\/pl\/tesztek-arak\/","title":{"rendered":"Testy i Ceny"},"content":{"rendered":"<div data-elementor-type=\"wp-page\" data-elementor-id=\"1033\" class=\"elementor elementor-1033\" data-elementor-post-type=\"page\">\n\t\t\t\t<div class=\"elementor-element elementor-element-304b0c6 e-con-full e-flex e-con e-parent\" data-id=\"304b0c6\" data-element_type=\"container\" data-settings=\"{&quot;background_background&quot;:&quot;classic&quot;}\">\n\t\t\t\t<div class=\"elementor-element elementor-element-007b1a7 elementor-widget elementor-widget-heading\" data-id=\"007b1a7\" data-element_type=\"widget\" data-widget_type=\"heading.default\">\n\t\t\t\t<div class=\"elementor-widget-container\">\n\t\t\t\t\t<h2 class=\"elementor-heading-title elementor-size-default\">Testy i Ceny<\/h2>\t\t\t\t<\/div>\n\t\t\t\t<\/div>\n\t\t\t\t<div class=\"elementor-element elementor-element-368f880 elementor-align-center elementor-widget elementor-widget-breadcrumbs\" data-id=\"368f880\" data-element_type=\"widget\" data-widget_type=\"breadcrumbs.default\">\n\t\t\t\t<div class=\"elementor-widget-container\">\n\t\t\t\t\t<p id=\"breadcrumbs\"><span><span><a href=\"https:\/\/uj.dualdur.com\/pl\/\">Strona g\u0142\u00f3wna<\/a><\/span><\/span><\/p>\t\t\t\t<\/div>\n\t\t\t\t<\/div>\n\t\t\t\t<\/div>\n\t\t<div class=\"elementor-element elementor-element-cfd450c e-flex e-con-boxed e-con e-parent\" data-id=\"cfd450c\" data-element_type=\"container\">\n\t\t\t\t\t<div class=\"e-con-inner\">\n\t\t\t\t<div class=\"elementor-element elementor-element-c8ac803 elementor-widget elementor-widget-price-list\" data-id=\"c8ac803\" data-element_type=\"widget\" data-widget_type=\"price-list.default\">\n\t\t\t\t<div class=\"elementor-widget-container\">\n\t\t\t\t\t\n\t\t<ul class=\"elementor-price-list\">\n\n\t\t\t\t\t\t\t\t\t<li><a class=\"elementor-price-list-item\" href=\"#\">\t\t\t\t\n\t\t\t\t<div class=\"elementor-price-list-text\">\n\t\t\t\t\t\t\t\t\t<div class=\"elementor-price-list-header\">\n\t\t\t\t\t\t\t\t\t\t\t<span class=\"elementor-price-list-title\">\n\t\t\t\t\t\t\tDualDur - DD-LYME 4.0\t\t\t\t\t\t<\/span>\n\t\t\t\t\t\t\t\t\t\t\t\t\t\t\t\t\t\t<span class=\"elementor-price-list-separator\"><\/span>\n\t\t\t\t\t\t\t\t\t\t\t\t\t\t\t\t\t\t\t<span class=\"elementor-price-list-price\">650 PLN<\/span>\n\t\t\t\t\t\t\t\t\t\t<\/div>\n\t\t\t\t\t\t\t\t\t\t\t\t\t\t\t<p class=\"elementor-price-list-description\">\n\t\t\t\t\t\t\t\u2013 Unikalny, klinicznie potwierdzony test laboratoryjny z oznakowaniem CE, diagnozuj\u0105cy zaka\u017cenie z dok\u0142adno\u015bci\u0105 96%. <br>\n\u2013 Umo\u017cliwia bezpo\u015brednie wykrycie i uwidocznienie patogenu pod mikroskopem \u2014 jeszcze przed rozwojem reakcji serologicznej (immunologicznej) oraz zanim objawy stan\u0105 si\u0119 bardziej wyra\u017ane. <br>\n\u2013 Automatyczna mikroskopia w ciemnym polu (AIM) wykorzystuj\u0105ca sztuczn\u0105 inteligencj\u0119, z walidacj\u0105 przez cz\u0142owieka. <br>\n\u2013 Jedyny bezpo\u015bredni test pozwalaj\u0105cy oceni\u0107 skuteczno\u015b\u0107 leczenia, poniewa\u017c wykrywa rzeczywist\u0105 obecno\u015b\u0107 patogenu. <br>\n\u2013 Zleceniodawca otrzymuje pisemny wynik badania.\t\t\t\t\t\t<\/p>\n\t\t\t\t\t\t\t\t<\/div>\n\t\t\t\t<\/a><\/li>\t\t\t\t\t\t\t\t\t\t\t\t<li><a class=\"elementor-price-list-item\" href=\"#\">\t\t\t\t\n\t\t\t\t<div class=\"elementor-price-list-text\">\n\t\t\t\t\t\t\t\t\t<div class=\"elementor-price-list-header\">\n\t\t\t\t\t\t\t\t\t\t\t<span class=\"elementor-price-list-title\">\n\t\t\t\t\t\t\tKoinfekcje \u2013 DD-TICK 2.0\t\t\t\t\t\t<\/span>\n\t\t\t\t\t\t\t\t\t\t\t\t\t\t\t\t\t\t<span class=\"elementor-price-list-separator\"><\/span>\n\t\t\t\t\t\t\t\t\t\t\t\t\t\t\t\t\t\t\t<span class=\"elementor-price-list-price\">850 PLN<\/span>\n\t\t\t\t\t\t\t\t\t\t<\/div>\n\t\t\t\t\t\t\t\t\t\t\t\t\t\t\t<p class=\"elementor-price-list-description\">\n\t\t\t\t\t\t\t\u2013 R\u0119czne badanie mikroskopowe w ciemnym polu, ukierunkowane na wykrywanie koinfekcji, kt\u00f3re mog\u0105 wyst\u0119powa\u0107 r\u00f3wnolegle z zaka\u017ceniem Borrelia, z cz\u0119sto\u015bci\u0105 si\u0119gaj\u0105c\u0105 nawet 70%. <br>\n\u2013 Bakterie odpowiedzialne za koinfekcje: Bartonella, Babesia, Anaplasma\/Ehrlichia, Mycoplasma. <br>\n\u2013 Obecno\u015b\u0107 r\u00f3\u017cnych patogen\u00f3w mo\u017ce wp\u0142ywa\u0107 na opracowanie planu terapeutycznego oraz by\u0107 przyczyn\u0105 niepowodze\u0144 w leczeniu boreliozy. <br>\n\u2013 UWAGA Badanie mo\u017cna zam\u00f3wi\u0107 wy\u0142\u0105cznie \u0142\u0105cznie z badaniem DD-LYME 4.0. <br>\n\u2013 Po wykonaniu badania zleceniodawca otrzymuje pisemny wynik oraz zdj\u0119cia wykrytych zaka\u017ce\u0144.\t\t\t\t\t\t<\/p>\n\t\t\t\t\t\t\t\t<\/div>\n\t\t\t\t<\/a><\/li>\t\t\t\t\t\t\t\t\t\t\t\t<li><a class=\"elementor-price-list-item\" href=\"#\">\t\t\t\t\n\t\t\t\t<div class=\"elementor-price-list-text\">\n\t\t\t\t\t\t\t\t\t<div class=\"elementor-price-list-header\">\n\t\t\t\t\t\t\t\t\t\t\t<span class=\"elementor-price-list-title\">\n\t\t\t\t\t\t\t'B\u00f3zsik' Western blot - DD-LYME 3.0 WB\t\t\t\t\t\t<\/span>\n\t\t\t\t\t\t\t\t\t\t\t\t\t\t\t\t\t\t<span class=\"elementor-price-list-separator\"><\/span>\n\t\t\t\t\t\t\t\t\t\t\t\t\t\t\t\t\t\t\t<span class=\"elementor-price-list-price\">550 PLN<\/span>\n\t\t\t\t\t\t\t\t\t\t<\/div>\n\t\t\t\t\t\t\t\t\t\t\t\t\t\t\t<p class=\"elementor-price-list-description\">\n\t\t\t\t\t\t\t\u2013 Badanie serologiczne o znacznie wy\u017cszej czu\u0142o\u015bci, klinicznie potwierdzonej jako o 50% wi\u0119ksza w por\u00f3wnaniu z podobnymi testami. <br>\n\u2013Badanie to nale\u017cy wykona\u0107 jednocze\u015bnie z testem DD-LYME 4.0. Poszczeg\u00f3lne podszczepy mog\u0105 reagowa\u0107 odmiennie na r\u00f3\u017cne substancje czynne antybiotyk\u00f3w, a wyb\u00f3r odpowiedniej mo\u017ce mie\u0107 istotny wp\u0142yw na skuteczno\u015b\u0107 terapii. <br>\n\u2013 badanie to nale\u017cy wykona\u0107 jednocze\u015bnie z testem DD-LYME 4.0. Poszczeg\u00f3lne podszczepy mog\u0105 reagowa\u0107 odmiennie na r\u00f3\u017cne substancje czynne antybiotyk\u00f3w, a wyb\u00f3r odpowiedniej mo\u017ce mie\u0107 istotny wp\u0142yw na skuteczno\u015b\u0107 terapii. <br>\n\u2013 Po wykonaniu badania zleceniodawca otrzymuje szczeg\u00f3\u0142owy pisemny wynik.\t\t\t\t\t\t<\/p>\n\t\t\t\t\t\t\t\t<\/div>\n\t\t\t\t<\/a><\/li>\t\t\t\t\t\t\t\t\t\t\t\t<li><a class=\"elementor-price-list-item\" href=\"#\">\t\t\t\t\n\t\t\t\t<div class=\"elementor-price-list-text\">\n\t\t\t\t\t\t\t\t\t<div class=\"elementor-price-list-header\">\n\t\t\t\t\t\t\t\t\t\t\t<span class=\"elementor-price-list-title\">\n\t\t\t\t\t\t\tImmunofluorescencja \u2013 DD-LYME 2.0 FL\t\t\t\t\t\t<\/span>\n\t\t\t\t\t\t\t\t\t\t\t\t\t\t\t\t\t\t<span class=\"elementor-price-list-separator\"><\/span>\n\t\t\t\t\t\t\t\t\t\t\t\t\t\t\t\t\t\t\t<span class=\"elementor-price-list-price\">750 PLN<\/span>\n\t\t\t\t\t\t\t\t\t\t<\/div>\n\t\t\t\t\t\t\t\t\t\t\t\t\t\t\t<p class=\"elementor-price-list-description\">\n\t\t\t\t\t\t\t\u2013 Potwierdzaj\u0105ce barwienie bakterii Borrelia obecnych w pr\u00f3bce przy u\u017cyciu przeciwcia\u0142 swoistych dla Borrelia. <br>\n\u2013 Metoda akceptowana przez mikrobiolog\u00f3w \u2013 specjalist\u00f3w diagnostyki laboratoryjnej. <br>\n\u2013 Badanie mo\u017ce by\u0107 interpretowane wy\u0142\u0105cznie \u0142\u0105cznie z badaniem DD-LYME 4.0, dlatego nie ma mo\u017cliwo\u015bci zam\u00f3wienia go oddzielnie. <br>\n\u2013 Po wykonaniu badania zleceniodawca otrzymuje wynik w postaci zdj\u0119\u0107 wraz z pisemnym obja\u015bnieniem.\t\t\t\t\t\t<\/p>\n\t\t\t\t\t\t\t\t<\/div>\n\t\t\t\t<\/a><\/li>\t\t\t\t\t\n\t\t<\/ul>\n\n\t\t\t\t\t\t<\/div>\n\t\t\t\t<\/div>\n\t\t\t\t<div class=\"elementor-element elementor-element-d6cb557 elementor-widget elementor-widget-text-editor\" data-id=\"d6cb557\" data-element_type=\"widget\" data-widget_type=\"text-editor.default\">\n\t\t\t\t<div class=\"elementor-widget-container\">\n\t\t\t\t\t\t\t\t\t<p>Zamawiaj\u0105c jednocze\u015bnie testy DualDur, Koinfekcje i B\u00f3zsik Western blot, pacjent otrzymuje pe\u0142ny obraz swojego stanu zdrowia.<\/p>\n<p>Pobranie krwi niezb\u0119dnej do wykonania test\u00f3w mo\u017cna przeprowadzi\u0107 w dowolnym punkcie pobra\u0144 lub w kt\u00f3rym\u015b z punkt\u00f3w partnerskich mieszcz\u0105cych si\u0119 w Warszawie, Gda\u0144sku, Radomsku oraz Nadarzynie.<\/p>\n<p>W sprawie dok\u0142adnych lokalizacji prosimy o kontakt \u2014 nasi pracownicy ch\u0119tnie udziel\u0105 informacji o miejscu i terminie pobrania krwi zgodnie z dost\u0119pnymi terminami. W naszych punktach pobra\u0144 wykwalifikowany personel pobierze wymagan\u0105 ilo\u015b\u0107 krwi bezbole\u015bnie, w ci\u0105gu zaledwie kilku minut.<\/p>\n<p><strong>dd@dualdur.pl\n\n+48 505 125 046<\/strong><br \/><strong>+36 30 108 5916<\/strong><\/p>\n<p>\u00ad<\/p>\n<p><em>*Powy\u017csze ceny nie obejmuj\u0105 ewentualnych koszt\u00f3w transportu lub logistyki.<\/em><\/p>\n<p><em>*Niekt\u00f3rzy z naszych partner\u00f3w kontraktowych mog\u0105 pobiera\u0107 jednorazow\u0105 op\u0142at\u0119 za pobranie krwi w celu przygotowania pr\u00f3bki.<\/em><\/p>\n<p>W razie pyta\u0144 zach\u0119camy do kontaktu pod wskazany adres e-mail dd@dualdur.pl\u00a0\u00a0<a href=\"https:\/\/uj.dualdur.com\/wp-content\/uploads\/2025\/10\/Adminisztracios-dij-bevezetese.pdf\" target=\"_blank\" rel=\"noopener\">Wprowadzenie op\u0142aty administracyjnej<\/a><\/p>\t\t\t\t\t\t\t\t<\/div>\n\t\t\t\t<\/div>\n\t\t\t\t\t<\/div>\n\t\t\t\t<\/div>\n\t\t\t\t<\/div>","protected":false},"excerpt":{"rendered":"<p>Tesztek \u00e9s \u00e1rak DualDur &#8211; DD-LYME 4.0 48 000 Ft &#8211; A vil\u00e1gon egyed\u00fcl\u00e1ll\u00f3, klinikailag igazolt, CE-jelz\u00e9ssel rendelkez\u0151 laborat\u00f3riumi teszt, mely a fert\u0151z\u00f6tt eseteket 96%-os pontoss\u00e1ggal diagnosztiz\u00e1lja &#8211; Lehet\u0151v\u00e9 teszi, hogy direkt vizsg\u00e1lati m\u00f3dszerrel igazoljuk, megmutassuk, l\u00e1that\u00f3v\u00e1 tegy\u00fck a k\u00f3rokoz\u00f3 jelenl\u00e9t\u00e9t a mikroszk\u00f3p alatt, m\u00e9g a szerol\u00f3giai-, azaz immunreakci\u00f3 kialakul\u00e1sa el\u0151tt, \u00e9s miel\u0151tt a t\u00fcnetek [&hellip;]<\/p>","protected":false},"author":1,"featured_media":0,"parent":0,"menu_order":0,"comment_status":"closed","ping_status":"closed","template":"elementor_header_footer","meta":{"footnotes":""},"class_list":["post-1033","page","type-page","status-publish","hentry"],"yoast_head":"<!-- This site is optimized with the Yoast SEO Premium plugin v26.2 (Yoast SEO v26.5) - https:\/\/yoast.com\/wordpress\/plugins\/seo\/ -->\n<title>Tesztek \u00e9s \u00e1rak - DualDur<\/title>\n<meta name=\"robots\" content=\"noindex, follow, max-snippet:-1, max-image-preview:large, max-video-preview:-1\" \/>\n<meta property=\"og:locale\" content=\"pl_PL\" \/>\n<meta property=\"og:type\" content=\"article\" \/>\n<meta property=\"og:title\" content=\"Tesztek \u00e9s \u00e1rak\" \/>\n<meta property=\"og:description\" content=\"Tesztek \u00e9s \u00e1rak DualDur &#8211; DD-LYME 4.0 48 000 Ft &#8211; A vil\u00e1gon egyed\u00fcl\u00e1ll\u00f3, klinikailag igazolt, CE-jelz\u00e9ssel rendelkez\u0151 laborat\u00f3riumi teszt, mely a fert\u0151z\u00f6tt eseteket 96%-os pontoss\u00e1ggal diagnosztiz\u00e1lja &#8211; Lehet\u0151v\u00e9 teszi, hogy direkt vizsg\u00e1lati m\u00f3dszerrel igazoljuk, megmutassuk, l\u00e1that\u00f3v\u00e1 tegy\u00fck a k\u00f3rokoz\u00f3 jelenl\u00e9t\u00e9t a mikroszk\u00f3p alatt, m\u00e9g a szerol\u00f3giai-, azaz immunreakci\u00f3 kialakul\u00e1sa el\u0151tt, \u00e9s miel\u0151tt a t\u00fcnetek [&hellip;]\" \/>\n<meta property=\"og:url\" content=\"https:\/\/uj.dualdur.com\/pl\/tesztek-arak\/\" \/>\n<meta property=\"og:site_name\" content=\"DualDur\" \/>\n<meta property=\"article:modified_time\" content=\"2025-11-03T06:49:18+00:00\" \/>\n<meta name=\"twitter:card\" content=\"summary_large_image\" \/>\n<meta name=\"twitter:label1\" content=\"Szacowany czas czytania\" \/>\n\t<meta name=\"twitter:data1\" content=\"3 minuty\" \/>\n<script type=\"application\/ld+json\" class=\"yoast-schema-graph\">{\"@context\":\"https:\/\/schema.org\",\"@graph\":[{\"@type\":\"WebPage\",\"@id\":\"https:\/\/uj.dualdur.com\/tesztek-arak\/\",\"url\":\"https:\/\/uj.dualdur.com\/tesztek-arak\/\",\"name\":\"Tesztek \u00e9s \u00e1rak - DualDur\",\"isPartOf\":{\"@id\":\"https:\/\/uj.dualdur.com\/#website\"},\"datePublished\":\"2025-07-15T16:59:01+00:00\",\"dateModified\":\"2025-11-03T06:49:18+00:00\",\"breadcrumb\":{\"@id\":\"https:\/\/uj.dualdur.com\/tesztek-arak\/#breadcrumb\"},\"inLanguage\":\"pl-PL\",\"potentialAction\":[{\"@type\":\"ReadAction\",\"target\":[\"https:\/\/uj.dualdur.com\/tesztek-arak\/\"]}]},{\"@type\":\"BreadcrumbList\",\"@id\":\"https:\/\/uj.dualdur.com\/tesztek-arak\/#breadcrumb\",\"itemListElement\":[{\"@type\":\"ListItem\",\"position\":1,\"name\":\"Kezd\u0151lap\",\"item\":\"https:\/\/uj.dualdur.com\/\"},{\"@type\":\"ListItem\",\"position\":2,\"name\":\"Tesztek \u00e9s \u00e1rak\"}]},{\"@type\":\"WebSite\",\"@id\":\"https:\/\/uj.dualdur.com\/#website\",\"url\":\"https:\/\/uj.dualdur.com\/\",\"name\":\"DualDur\",\"description\":\"\",\"publisher\":{\"@id\":\"https:\/\/uj.dualdur.com\/#organization\"},\"potentialAction\":[{\"@type\":\"SearchAction\",\"target\":{\"@type\":\"EntryPoint\",\"urlTemplate\":\"https:\/\/uj.dualdur.com\/?s={search_term_string}\"},\"query-input\":{\"@type\":\"PropertyValueSpecification\",\"valueRequired\":true,\"valueName\":\"search_term_string\"}}],\"inLanguage\":\"pl-PL\"},{\"@type\":\"Organization\",\"@id\":\"https:\/\/uj.dualdur.com\/#organization\",\"name\":\"DualDur\",\"url\":\"https:\/\/uj.dualdur.com\/\",\"logo\":{\"@type\":\"ImageObject\",\"inLanguage\":\"pl-PL\",\"@id\":\"https:\/\/uj.dualdur.com\/#\/schema\/logo\/image\/\",\"url\":\"https:\/\/uj.dualdur.com\/wp-content\/uploads\/2025\/03\/dualdur-logo.png\",\"contentUrl\":\"https:\/\/uj.dualdur.com\/wp-content\/uploads\/2025\/03\/dualdur-logo.png\",\"width\":224,\"height\":56,\"caption\":\"DualDur\"},\"image\":{\"@id\":\"https:\/\/uj.dualdur.com\/#\/schema\/logo\/image\/\"}}]}<\/script>\n<!-- \/ Yoast SEO Premium plugin. -->","yoast_head_json":{"title":"Tesztek \u00e9s \u00e1rak - DualDur","robots":{"index":"noindex","follow":"follow","max-snippet":"max-snippet:-1","max-image-preview":"max-image-preview:large","max-video-preview":"max-video-preview:-1"},"og_locale":"pl_PL","og_type":"article","og_title":"Tesztek \u00e9s \u00e1rak","og_description":"Tesztek \u00e9s \u00e1rak DualDur &#8211; DD-LYME 4.0 48 000 Ft &#8211; A vil\u00e1gon egyed\u00fcl\u00e1ll\u00f3, klinikailag igazolt, CE-jelz\u00e9ssel rendelkez\u0151 laborat\u00f3riumi teszt, mely a fert\u0151z\u00f6tt eseteket 96%-os pontoss\u00e1ggal diagnosztiz\u00e1lja &#8211; Lehet\u0151v\u00e9 teszi, hogy direkt vizsg\u00e1lati m\u00f3dszerrel igazoljuk, megmutassuk, l\u00e1that\u00f3v\u00e1 tegy\u00fck a k\u00f3rokoz\u00f3 jelenl\u00e9t\u00e9t a mikroszk\u00f3p alatt, m\u00e9g a szerol\u00f3giai-, azaz immunreakci\u00f3 kialakul\u00e1sa el\u0151tt, \u00e9s miel\u0151tt a t\u00fcnetek [&hellip;]","og_url":"https:\/\/uj.dualdur.com\/pl\/tesztek-arak\/","og_site_name":"DualDur","article_modified_time":"2025-11-03T06:49:18+00:00","twitter_card":"summary_large_image","twitter_misc":{"Szacowany czas czytania":"3 minuty"},"schema":{"@context":"https:\/\/schema.org","@graph":[{"@type":"WebPage","@id":"https:\/\/uj.dualdur.com\/tesztek-arak\/","url":"https:\/\/uj.dualdur.com\/tesztek-arak\/","name":"Tesztek \u00e9s \u00e1rak - DualDur","isPartOf":{"@id":"https:\/\/uj.dualdur.com\/#website"},"datePublished":"2025-07-15T16:59:01+00:00","dateModified":"2025-11-03T06:49:18+00:00","breadcrumb":{"@id":"https:\/\/uj.dualdur.com\/tesztek-arak\/#breadcrumb"},"inLanguage":"pl-PL","potentialAction":[{"@type":"ReadAction","target":["https:\/\/uj.dualdur.com\/tesztek-arak\/"]}]},{"@type":"BreadcrumbList","@id":"https:\/\/uj.dualdur.com\/tesztek-arak\/#breadcrumb","itemListElement":[{"@type":"ListItem","position":1,"name":"Kezd\u0151lap","item":"https:\/\/uj.dualdur.com\/"},{"@type":"ListItem","position":2,"name":"Tesztek \u00e9s \u00e1rak"}]},{"@type":"WebSite","@id":"https:\/\/uj.dualdur.com\/#website","url":"https:\/\/uj.dualdur.com\/","name":"DualDur","description":"","publisher":{"@id":"https:\/\/uj.dualdur.com\/#organization"},"potentialAction":[{"@type":"SearchAction","target":{"@type":"EntryPoint","urlTemplate":"https:\/\/uj.dualdur.com\/?s={search_term_string}"},"query-input":{"@type":"PropertyValueSpecification","valueRequired":true,"valueName":"search_term_string"}}],"inLanguage":"pl-PL"},{"@type":"Organization","@id":"https:\/\/uj.dualdur.com\/#organization","name":"DualDur","url":"https:\/\/uj.dualdur.com\/","logo":{"@type":"ImageObject","inLanguage":"pl-PL","@id":"https:\/\/uj.dualdur.com\/#\/schema\/logo\/image\/","url":"https:\/\/uj.dualdur.com\/wp-content\/uploads\/2025\/03\/dualdur-logo.png","contentUrl":"https:\/\/uj.dualdur.com\/wp-content\/uploads\/2025\/03\/dualdur-logo.png","width":224,"height":56,"caption":"DualDur"},"image":{"@id":"https:\/\/uj.dualdur.com\/#\/schema\/logo\/image\/"}}]}},"_links":{"self":[{"href":"https:\/\/uj.dualdur.com\/pl\/wp-json\/wp\/v2\/pages\/1033","targetHints":{"allow":["GET"]}}],"collection":[{"href":"https:\/\/uj.dualdur.com\/pl\/wp-json\/wp\/v2\/pages"}],"about":[{"href":"https:\/\/uj.dualdur.com\/pl\/wp-json\/wp\/v2\/types\/page"}],"author":[{"embeddable":true,"href":"https:\/\/uj.dualdur.com\/pl\/wp-json\/wp\/v2\/users\/1"}],"replies":[{"embeddable":true,"href":"https:\/\/uj.dualdur.com\/pl\/wp-json\/wp\/v2\/comments?post=1033"}],"version-history":[{"count":20,"href":"https:\/\/uj.dualdur.com\/pl\/wp-json\/wp\/v2\/pages\/1033\/revisions"}],"predecessor-version":[{"id":1730,"href":"https:\/\/uj.dualdur.com\/pl\/wp-json\/wp\/v2\/pages\/1033\/revisions\/1730"}],"wp:attachment":[{"href":"https:\/\/uj.dualdur.com\/pl\/wp-json\/wp\/v2\/media?parent=1033"}],"curies":[{"name":"wp","href":"https:\/\/api.w.org\/{rel}","templated":true}]}}