{"id":1028,"date":"2025-07-15T18:57:29","date_gmt":"2025-07-15T16:57:29","guid":{"rendered":"https:\/\/uj.dualdur.com\/?page_id=1028"},"modified":"2025-12-12T14:11:27","modified_gmt":"2025-12-12T13:11:27","slug":"velemenyek","status":"publish","type":"page","link":"https:\/\/uj.dualdur.com\/pl\/velemenyek\/","title":{"rendered":"Opinie"},"content":{"rendered":"<div data-elementor-type=\"wp-page\" data-elementor-id=\"1028\" class=\"elementor elementor-1028\" data-elementor-post-type=\"page\">\n\t\t\t\t<div class=\"elementor-element elementor-element-8fa5bf9 e-con-full e-flex e-con e-parent\" data-id=\"8fa5bf9\" data-element_type=\"container\" data-settings=\"{&quot;background_background&quot;:&quot;classic&quot;}\">\n\t\t\t\t<div class=\"elementor-element elementor-element-23f5db7 elementor-align-center elementor-widget elementor-widget-breadcrumbs\" data-id=\"23f5db7\" data-element_type=\"widget\" data-widget_type=\"breadcrumbs.default\">\n\t\t\t\t<div class=\"elementor-widget-container\">\n\t\t\t\t\t<p id=\"breadcrumbs\"><span><span><a href=\"https:\/\/uj.dualdur.com\/pl\/\">Strona g\u0142\u00f3wna<\/a><\/span><\/span><\/p>\t\t\t\t<\/div>\n\t\t\t\t<\/div>\n\t\t\t\t<\/div>\n\t\t<div class=\"elementor-element elementor-element-6f5615f e-flex e-con-boxed e-con e-parent\" data-id=\"6f5615f\" data-element_type=\"container\">\n\t\t\t\t\t<div class=\"e-con-inner\">\n\t\t\t\t<div class=\"elementor-element elementor-element-70c2ae6 elementor-testimonial--skin-default elementor-testimonial--layout-image_inline elementor-testimonial--align-center elementor-arrows-yes elementor-pagination-type-bullets elementor-widget elementor-widget-testimonial-carousel\" data-id=\"70c2ae6\" data-element_type=\"widget\" data-settings=\"{&quot;space_between&quot;:{&quot;unit&quot;:&quot;px&quot;,&quot;size&quot;:4,&quot;sizes&quot;:[]},&quot;show_arrows&quot;:&quot;yes&quot;,&quot;pagination&quot;:&quot;bullets&quot;,&quot;speed&quot;:500,&quot;autoplay&quot;:&quot;yes&quot;,&quot;autoplay_speed&quot;:5000,&quot;loop&quot;:&quot;yes&quot;,&quot;pause_on_hover&quot;:&quot;yes&quot;,&quot;pause_on_interaction&quot;:&quot;yes&quot;,&quot;space_between_tablet&quot;:{&quot;unit&quot;:&quot;px&quot;,&quot;size&quot;:10,&quot;sizes&quot;:[]},&quot;space_between_mobile&quot;:{&quot;unit&quot;:&quot;px&quot;,&quot;size&quot;:10,&quot;sizes&quot;:[]}}\" data-widget_type=\"testimonial-carousel.default\">\n\t\t\t\t<div class=\"elementor-widget-container\">\n\t\t\t\t\t\t\t\t\t<div class=\"elementor-swiper\">\n\t\t\t\t\t<div class=\"elementor-main-swiper swiper\" role=\"region\" aria-roledescription=\"carousel\" aria-label=\"Di\u00e1k\">\n\t\t\t\t<div class=\"swiper-wrapper\">\n\t\t\t\t\t\t\t\t\t\t\t<div class=\"swiper-slide\" role=\"group\" aria-roledescription=\"slide\">\n\t\t\t\t\t\t\t\t\t<div class=\"elementor-testimonial\">\n\t\t\t\t\t\t\t<div class=\"elementor-testimonial__content\">\n\t\t\t\t\t<div class=\"elementor-testimonial__text\">\n\t\t\t\t\t\t\"To wreszcie najbardziej logiczne badanie, poniewa\u017c wykrywa nie przeciwcia\u0142a, lecz sam patogen. Mo\u017cna powiedzie\u0107, \u017ce zaniem\u00f3wi\u0142em, gdy na zdj\u0119ciach zobaczy\u0142em, co tak naprawd\u0119 znajduje si\u0119 w moim organizmie.\"\n\n<br><br><b> <a href=\"https:\/\/weborvos.hu\/egeszsegmagazin\/az-europai-unio-tamogatasa-erositette-a-bizalmat-276841\" target=\"_blank\" rel=\"noopener noreferrer\">Przeczytaj ca\u0142y wywiad<\/a>\n\t\t\t\t\t<\/div>\n\t\t\t\t\t\t\t\t\t<\/div>\n\t\t\t\t\t\t<div class=\"elementor-testimonial__footer\">\n\t\t\t\t\t\t\t\t<cite class=\"elementor-testimonial__cite\"><span class=\"elementor-testimonial__name\">WebLEKARZ<\/span><span class=\"elementor-testimonial__title\">Internetowy magazyn zdrowotny<\/span><\/cite>\t\t\t<\/div>\n\t\t<\/div>\n\t\t\t\t\t\t\t\t<\/div>\n\t\t\t\t\t\t\t\t\t<\/div>\n\t\t\t\t\t\t\t<\/div>\n\t\t\t\t<\/div>\n\t\t\t\t\t\t\t\t<\/div>\n\t\t\t\t<\/div>\n\t\t\t\t<div class=\"elementor-element elementor-element-32c646e elementor-testimonial--skin-default elementor-testimonial--layout-image_inline elementor-testimonial--align-center elementor-arrows-yes elementor-pagination-type-bullets elementor-widget elementor-widget-testimonial-carousel\" data-id=\"32c646e\" data-element_type=\"widget\" data-settings=\"{&quot;space_between&quot;:{&quot;unit&quot;:&quot;px&quot;,&quot;size&quot;:4,&quot;sizes&quot;:[]},&quot;show_arrows&quot;:&quot;yes&quot;,&quot;pagination&quot;:&quot;bullets&quot;,&quot;speed&quot;:500,&quot;autoplay&quot;:&quot;yes&quot;,&quot;autoplay_speed&quot;:5000,&quot;loop&quot;:&quot;yes&quot;,&quot;pause_on_hover&quot;:&quot;yes&quot;,&quot;pause_on_interaction&quot;:&quot;yes&quot;,&quot;space_between_tablet&quot;:{&quot;unit&quot;:&quot;px&quot;,&quot;size&quot;:10,&quot;sizes&quot;:[]},&quot;space_between_mobile&quot;:{&quot;unit&quot;:&quot;px&quot;,&quot;size&quot;:10,&quot;sizes&quot;:[]}}\" data-widget_type=\"testimonial-carousel.default\">\n\t\t\t\t<div class=\"elementor-widget-container\">\n\t\t\t\t\t\t\t\t\t<div class=\"elementor-swiper\">\n\t\t\t\t\t<div class=\"elementor-main-swiper swiper\" role=\"region\" aria-roledescription=\"carousel\" aria-label=\"Di\u00e1k\">\n\t\t\t\t<div class=\"swiper-wrapper\">\n\t\t\t\t\t\t\t\t\t\t\t<div class=\"swiper-slide\" role=\"group\" aria-roledescription=\"slide\">\n\t\t\t\t\t\t\t\t\t<div class=\"elementor-testimonial\">\n\t\t\t\t\t\t\t<div class=\"elementor-testimonial__content\">\n\t\t\t\t\t<div class=\"elementor-testimonial__text\">\n\t\t\t\t\t\t\"Absolutnie mu ufam. Wcze\u015bniej by\u0142em w wielu miejscach i wypr\u00f3bowa\u0142em wiele metod, ale nigdy nie otrzyma\u0142em tak dobrze udokumentowanego i wiarygodnego wyniku. Nie mo\u017cna tego nazwa\u0107 oszustwem. Z czystym sumieniem mog\u0119 poleci\u0107 to badanie ka\u017cdemu, kto chce mie\u0107 pewno\u015b\u0107.\"\n\n<br><br><b> <a href=\"https:\/\/weborvos.hu\/lyme-borreliosis\/mindenkinek-ajanlom-aki-bizonyossagot-akar-szerezni-275182\" \" target=\"_blank\" rel=\"noopener noreferrer\">Przeczytaj ca\u0142y wywiad<\/a>\n\t\t\t\t\t<\/div>\n\t\t\t\t\t\t\t\t\t<\/div>\n\t\t\t\t\t\t<div class=\"elementor-testimonial__footer\">\n\t\t\t\t\t\t\t\t<cite class=\"elementor-testimonial__cite\"><span class=\"elementor-testimonial__name\">WebLEKARZ<\/span><span class=\"elementor-testimonial__title\">Internetowy magazyn zdrowotny<\/span><\/cite>\t\t\t<\/div>\n\t\t<\/div>\n\t\t\t\t\t\t\t\t<\/div>\n\t\t\t\t\t\t\t\t\t<\/div>\n\t\t\t\t\t\t\t<\/div>\n\t\t\t\t<\/div>\n\t\t\t\t\t\t\t\t<\/div>\n\t\t\t\t<\/div>\n\t\t\t\t<div class=\"elementor-element elementor-element-cdcdf43 elementor-testimonial--skin-default elementor-testimonial--layout-image_inline elementor-testimonial--align-center elementor-arrows-yes elementor-pagination-type-bullets elementor-widget elementor-widget-testimonial-carousel\" data-id=\"cdcdf43\" data-element_type=\"widget\" data-settings=\"{&quot;space_between&quot;:{&quot;unit&quot;:&quot;px&quot;,&quot;size&quot;:4,&quot;sizes&quot;:[]},&quot;show_arrows&quot;:&quot;yes&quot;,&quot;pagination&quot;:&quot;bullets&quot;,&quot;speed&quot;:500,&quot;autoplay&quot;:&quot;yes&quot;,&quot;autoplay_speed&quot;:5000,&quot;loop&quot;:&quot;yes&quot;,&quot;pause_on_hover&quot;:&quot;yes&quot;,&quot;pause_on_interaction&quot;:&quot;yes&quot;,&quot;space_between_tablet&quot;:{&quot;unit&quot;:&quot;px&quot;,&quot;size&quot;:10,&quot;sizes&quot;:[]},&quot;space_between_mobile&quot;:{&quot;unit&quot;:&quot;px&quot;,&quot;size&quot;:10,&quot;sizes&quot;:[]}}\" data-widget_type=\"testimonial-carousel.default\">\n\t\t\t\t<div class=\"elementor-widget-container\">\n\t\t\t\t\t\t\t\t\t<div class=\"elementor-swiper\">\n\t\t\t\t\t<div class=\"elementor-main-swiper swiper\" role=\"region\" aria-roledescription=\"carousel\" aria-label=\"Di\u00e1k\">\n\t\t\t\t<div class=\"swiper-wrapper\">\n\t\t\t\t\t\t\t\t\t\t\t<div class=\"swiper-slide\" role=\"group\" aria-roledescription=\"slide\">\n\t\t\t\t\t\t\t\t\t<div class=\"elementor-testimonial\">\n\t\t\t\t\t\t\t<div class=\"elementor-testimonial__content\">\n\t\t\t\t\t<div class=\"elementor-testimonial__text\">\n\t\t\t\t\t\t\"Dostrzeg\u0142em realn\u0105 warto\u015b\u0107 tej metody diagnostycznej na podstawie artyku\u0142\u00f3w prezentuj\u0105cych DualDur, zw\u0142aszcza \u017ce sam studiowa\u0142em mikrobiologi\u0119. DualDur jest szczeg\u00f3lnie warto\u015bciowy, poniewa\u017c wykonuje zdj\u0119cia bakterii, a ponadto uwidacznia tzw. kompleksy immunologiczne. Pozwala \u015bledzi\u0107 rozw\u00f3j choroby, stopie\u0144 namna\u017cania si\u0119 patogenu oraz reakcj\u0119 organizmu na leczenie. To badanie jest znacznie bardziej czu\u0142e ni\u017c te dost\u0119pne w publicznej opiece zdrowotnej.\"\n\n<br><br><b> <a href=\"https:\/\/weborvos.hu\/lyme-borreliosis\/legyen-gyanus-az-izuleti-gyulladas-275796\" \" target=\"_blank\" rel=\"noopener noreferrer\">Przeczytaj ca\u0142y wywiad<\/a>\n\t\t\t\t\t<\/div>\n\t\t\t\t\t\t\t\t\t<\/div>\n\t\t\t\t\t\t<div class=\"elementor-testimonial__footer\">\n\t\t\t\t\t\t\t\t<cite class=\"elementor-testimonial__cite\"><span class=\"elementor-testimonial__name\">WebLEKARZ<\/span><span class=\"elementor-testimonial__title\">Internetowy magazyn zdrowotny<\/span><\/cite>\t\t\t<\/div>\n\t\t<\/div>\n\t\t\t\t\t\t\t\t<\/div>\n\t\t\t\t\t\t\t\t\t<\/div>\n\t\t\t\t\t\t\t<\/div>\n\t\t\t\t<\/div>\n\t\t\t\t\t\t\t\t<\/div>\n\t\t\t\t<\/div>\n\t\t\t\t<div class=\"elementor-element elementor-element-1314f91 elementor-testimonial--skin-default elementor-testimonial--layout-image_inline elementor-testimonial--align-center elementor-arrows-yes elementor-pagination-type-bullets elementor-widget elementor-widget-testimonial-carousel\" data-id=\"1314f91\" data-element_type=\"widget\" data-settings=\"{&quot;space_between&quot;:{&quot;unit&quot;:&quot;px&quot;,&quot;size&quot;:4,&quot;sizes&quot;:[]},&quot;show_arrows&quot;:&quot;yes&quot;,&quot;pagination&quot;:&quot;bullets&quot;,&quot;speed&quot;:500,&quot;autoplay&quot;:&quot;yes&quot;,&quot;autoplay_speed&quot;:5000,&quot;loop&quot;:&quot;yes&quot;,&quot;pause_on_hover&quot;:&quot;yes&quot;,&quot;pause_on_interaction&quot;:&quot;yes&quot;,&quot;space_between_tablet&quot;:{&quot;unit&quot;:&quot;px&quot;,&quot;size&quot;:10,&quot;sizes&quot;:[]},&quot;space_between_mobile&quot;:{&quot;unit&quot;:&quot;px&quot;,&quot;size&quot;:10,&quot;sizes&quot;:[]}}\" data-widget_type=\"testimonial-carousel.default\">\n\t\t\t\t<div class=\"elementor-widget-container\">\n\t\t\t\t\t\t\t\t\t<div class=\"elementor-swiper\">\n\t\t\t\t\t<div class=\"elementor-main-swiper swiper\" role=\"region\" aria-roledescription=\"carousel\" aria-label=\"Di\u00e1k\">\n\t\t\t\t<div class=\"swiper-wrapper\">\n\t\t\t\t\t\t\t\t\t\t\t<div class=\"swiper-slide\" role=\"group\" aria-roledescription=\"slide\">\n\t\t\t\t\t\t\t\t\t<div class=\"elementor-testimonial\">\n\t\t\t\t\t\t\t<div class=\"elementor-testimonial__content\">\n\t\t\t\t\t<div class=\"elementor-testimonial__text\">\n\t\t\t\t\t\t\"Uwa\u017cam, \u017ce jest to badanie bardzo wiarygodne, nie mog\u0142em si\u0119 doczeka\u0107 jego wykonania. Jestem w pe\u0142ni zadowolony, poniewa\u017c odzwierciedla przebieg mojej choroby, a wynik potwierdza moje objawy \u2013 pokazuje dok\u0142adnie to, jak si\u0119 czuj\u0119. Na zdj\u0119ciach wida\u0107 struktury Bartonella w czerwonych krwinkach. Uwa\u017cam to za prze\u0142omowe, poniewa\u017c stosuje si\u0119 tu specjalny p\u0142yn i wykorzystuje sztuczn\u0105 inteligencj\u0119.\"\n\n<br><br><b> <a href=\"https:\/\/weborvos.hu\/lyme-borreliosis\/dualdur-betegtarsaival-egyutt-alig-varta-hogy-elerheto-legyen-275011\" \" target=\"_blank\" rel=\"noopener noreferrer\">Przeczytaj ca\u0142y wywiad<\/a>\n\t\t\t\t\t<\/div>\n\t\t\t\t\t\t\t\t\t<\/div>\n\t\t\t\t\t\t<div class=\"elementor-testimonial__footer\">\n\t\t\t\t\t\t\t\t<cite class=\"elementor-testimonial__cite\"><span class=\"elementor-testimonial__name\">WebLEKARZ<\/span><span class=\"elementor-testimonial__title\">Internetowy magazyn zdrowotny<\/span><\/cite>\t\t\t<\/div>\n\t\t<\/div>\n\t\t\t\t\t\t\t\t<\/div>\n\t\t\t\t\t\t\t\t\t<\/div>\n\t\t\t\t\t\t\t<\/div>\n\t\t\t\t<\/div>\n\t\t\t\t\t\t\t\t<\/div>\n\t\t\t\t<\/div>\n\t\t\t\t<div class=\"elementor-element elementor-element-39917b0 elementor-testimonial--skin-default elementor-testimonial--layout-image_inline elementor-testimonial--align-center elementor-arrows-yes elementor-pagination-type-bullets elementor-widget elementor-widget-testimonial-carousel\" data-id=\"39917b0\" data-element_type=\"widget\" data-settings=\"{&quot;space_between&quot;:{&quot;unit&quot;:&quot;px&quot;,&quot;size&quot;:4,&quot;sizes&quot;:[]},&quot;show_arrows&quot;:&quot;yes&quot;,&quot;pagination&quot;:&quot;bullets&quot;,&quot;speed&quot;:500,&quot;autoplay&quot;:&quot;yes&quot;,&quot;autoplay_speed&quot;:5000,&quot;loop&quot;:&quot;yes&quot;,&quot;pause_on_hover&quot;:&quot;yes&quot;,&quot;pause_on_interaction&quot;:&quot;yes&quot;,&quot;space_between_tablet&quot;:{&quot;unit&quot;:&quot;px&quot;,&quot;size&quot;:10,&quot;sizes&quot;:[]},&quot;space_between_mobile&quot;:{&quot;unit&quot;:&quot;px&quot;,&quot;size&quot;:10,&quot;sizes&quot;:[]}}\" data-widget_type=\"testimonial-carousel.default\">\n\t\t\t\t<div class=\"elementor-widget-container\">\n\t\t\t\t\t\t\t\t\t<div class=\"elementor-swiper\">\n\t\t\t\t\t<div class=\"elementor-main-swiper swiper\" role=\"region\" aria-roledescription=\"carousel\" aria-label=\"Di\u00e1k\">\n\t\t\t\t<div class=\"swiper-wrapper\">\n\t\t\t\t\t\t\t\t\t\t\t<div class=\"swiper-slide\" role=\"group\" aria-roledescription=\"slide\">\n\t\t\t\t\t\t\t\t\t<div class=\"elementor-testimonial\">\n\t\t\t\t\t\t\t<div class=\"elementor-testimonial__content\">\n\t\t\t\t\t<div class=\"elementor-testimonial__text\">\n\t\t\t\t\t\t\"Uwa\u017cam test za w pe\u0142ni wiarygodny. Nazwisko doktora B\u00f3zsika daje poczucie bezpiecze\u0144stwa i zaufania, podobnie jak nazwisko dr Eszt\u00f3 \u2013 dla mnie te osoby s\u0105 gwarancj\u0105 jako\u015bci DualDur, dzi\u0119ki kt\u00f3remu wreszcie otrzyma\u0142em diagnoz\u0119.\"\n\n<br><br><b> <a href=\"https:\/\/weborvos.hu\/lyme-borreliosis\/dualdur-mindennek-lett-arca-neve-272956\" \" target=\"_blank\" rel=\"noopener noreferrer\">Przeczytaj ca\u0142y wywiad<\/a>\n\t\t\t\t\t<\/div>\n\t\t\t\t\t\t\t\t\t<\/div>\n\t\t\t\t\t\t<div class=\"elementor-testimonial__footer\">\n\t\t\t\t\t\t\t\t<cite class=\"elementor-testimonial__cite\"><span class=\"elementor-testimonial__name\">WebLEKARZ<\/span><span class=\"elementor-testimonial__title\">Internetowy magazyn zdrowotny<\/span><\/cite>\t\t\t<\/div>\n\t\t<\/div>\n\t\t\t\t\t\t\t\t<\/div>\n\t\t\t\t\t\t\t\t\t<\/div>\n\t\t\t\t\t\t\t<\/div>\n\t\t\t\t<\/div>\n\t\t\t\t\t\t\t\t<\/div>\n\t\t\t\t<\/div>\n\t\t<div class=\"elementor-element elementor-element-fda2fd9 e-con-full e-flex e-con e-child\" data-id=\"fda2fd9\" data-element_type=\"container\">\n\t\t\t\t<div class=\"elementor-element elementor-element-3a9b08c elementor-button-align-center elementor-widget elementor-widget-form\" data-id=\"3a9b08c\" data-element_type=\"widget\" data-settings=\"{&quot;step_next_label&quot;:&quot;K\\u00f6vetkez\\u0151&quot;,&quot;step_previous_label&quot;:&quot;El\\u0151z\\u0151&quot;,&quot;button_width&quot;:&quot;100&quot;,&quot;step_type&quot;:&quot;number_text&quot;,&quot;step_icon_shape&quot;:&quot;circle&quot;}\" data-widget_type=\"form.default\">\n\t\t\t\t<div class=\"elementor-widget-container\">\n\t\t\t\t\t\t\t<form class=\"elementor-form\" method=\"post\" name=\"\u00daj \u0171rlap\" aria-label=\"\u00daj \u0171rlap\" action=\"\">\n\t\t\t<input type=\"hidden\" name=\"post_id\" value=\"1028\"\/>\n\t\t\t<input type=\"hidden\" name=\"form_id\" value=\"3a9b08c\"\/>\n\t\t\t<input type=\"hidden\" name=\"referer_title\" value=\"V\u00e9lem\u00e9nyek - DualDur\" \/>\n\n\t\t\t\t\t\t\t<input type=\"hidden\" name=\"queried_id\" value=\"1028\"\/>\n\t\t\t\n\t\t\t<div class=\"elementor-form-fields-wrapper elementor-labels-above\">\n\t\t\t\t\t\t\t\t<div class=\"elementor-field-type-text elementor-field-group elementor-column elementor-field-group-name elementor-col-100\">\n\t\t\t\t\t\t\t\t\t\t\t\t\t<input size=\"1\" type=\"text\" name=\"form_fields[name]\" id=\"form-field-name\" class=\"elementor-field elementor-size-sm  elementor-field-textual\" placeholder=\"Imi\u0119 i nazwisko\">\n\t\t\t\t\t\t\t\t\t\t\t<\/div>\n\t\t\t\t\t\t\t\t<div class=\"elementor-field-type-date elementor-field-group elementor-column elementor-field-group-field_2ca05fe elementor-col-100\">\n\t\t\t\t\t\n\t\t<input type=\"date\" name=\"form_fields[field_2ca05fe]\" id=\"form-field-field_2ca05fe\" class=\"elementor-field elementor-size-sm  elementor-field-textual elementor-date-field\" placeholder=\"Pocz\u0105tek choroby\" pattern=\"[0-9]{4}-[0-9]{2}-[0-9]{2}\">\n\t\t\t\t\t\t<\/div>\n\t\t\t\t\t\t\t\t<div class=\"elementor-field-type-date elementor-field-group elementor-column elementor-field-group-field_f7fa17a elementor-col-100\">\n\t\t\t\t\t\n\t\t<input type=\"date\" name=\"form_fields[field_f7fa17a]\" id=\"form-field-field_f7fa17a\" class=\"elementor-field elementor-size-sm  elementor-field-textual elementor-date-field\" placeholder=\"Lekarz prowadz\u0105cy\" pattern=\"[0-9]{4}-[0-9]{2}-[0-9]{2}\">\n\t\t\t\t\t\t<\/div>\n\t\t\t\t\t\t\t\t<div class=\"elementor-field-type-email elementor-field-group elementor-column elementor-field-group-email elementor-col-100 elementor-field-required\">\n\t\t\t\t\t\t\t\t\t\t\t\t\t<input size=\"1\" type=\"email\" name=\"form_fields[email]\" id=\"form-field-email\" class=\"elementor-field elementor-size-sm  elementor-field-textual\" placeholder=\"Email\" required=\"required\">\n\t\t\t\t\t\t\t\t\t\t\t<\/div>\n\t\t\t\t\t\t\t\t<div class=\"elementor-field-group elementor-column elementor-field-type-submit elementor-col-100 e-form__buttons\">\n\t\t\t\t\t<button class=\"elementor-button elementor-size-sm\" type=\"submit\">\n\t\t\t\t\t\t<span class=\"elementor-button-content-wrapper\">\n\t\t\t\t\t\t\t\t\t\t\t\t\t\t\t\t\t\t\t\t\t\t<span class=\"elementor-button-text\">Wy\u015blij<\/span>\n\t\t\t\t\t\t\t\t\t\t\t\t\t<\/span>\n\t\t\t\t\t<\/button>\n\t\t\t\t<\/div>\n\t\t\t<\/div>\n\t\t<input type=\"hidden\" name=\"trp-form-language\" value=\"pl\"\/><\/form>\n\t\t\t\t\t\t<\/div>\n\t\t\t\t<\/div>\n\t\t\t\t<\/div>\n\t\t\t\t\t<\/div>\n\t\t\t\t<\/div>\n\t\t\t\t<\/div>","protected":false},"excerpt":{"rendered":"<p>\u201eEz v\u00e9gre a leglogikusabb vizsg\u00e1lat, hiszen nem az ellenanyagot, hanem mag\u00e1t a k\u00f3rokoz\u00f3t mutatja ki.\u201d \u201eMondhatni, el\u00e1jultam, amikor fot\u00f3n megl\u00e1ttam, mi minden van bennem.\u201d Teljes interj\u00fa elolvas\u00e1sa WebORVOSOnline eg\u00e9szs\u00e9g\u00fcgyi magazin \u201eAbszol\u00fat megb\u00edzom benne. El\u0151tte sok helyen j\u00e1rtam m\u00e1r, rengeteg dolgot kipr\u00f3b\u00e1ltam, de ennyire j\u00f3l dokument\u00e1lt, megb\u00edzhat\u00f3 eredm\u00e9nyt nem igaz\u00e1n kaptam. Erre nem lehet azt mondani, [&hellip;]<\/p>","protected":false},"author":1,"featured_media":0,"parent":0,"menu_order":0,"comment_status":"closed","ping_status":"closed","template":"","meta":{"footnotes":""},"class_list":["post-1028","page","type-page","status-publish","hentry"],"yoast_head":"<!-- This site is optimized with the Yoast SEO Premium plugin v26.2 (Yoast SEO v26.5) - https:\/\/yoast.com\/wordpress\/plugins\/seo\/ -->\n<title>V\u00e9lem\u00e9nyek - DualDur<\/title>\n<meta name=\"robots\" content=\"noindex, follow, max-snippet:-1, max-image-preview:large, max-video-preview:-1\" \/>\n<meta property=\"og:locale\" content=\"pl_PL\" \/>\n<meta property=\"og:type\" content=\"article\" \/>\n<meta property=\"og:title\" content=\"V\u00e9lem\u00e9nyek\" \/>\n<meta property=\"og:description\" content=\"\u201eEz v\u00e9gre a leglogikusabb vizsg\u00e1lat, hiszen nem az ellenanyagot, hanem mag\u00e1t a k\u00f3rokoz\u00f3t mutatja ki.\u201d \u201eMondhatni, el\u00e1jultam, amikor fot\u00f3n megl\u00e1ttam, mi minden van bennem.\u201d Teljes interj\u00fa elolvas\u00e1sa WebORVOSOnline eg\u00e9szs\u00e9g\u00fcgyi magazin \u201eAbszol\u00fat megb\u00edzom benne. El\u0151tte sok helyen j\u00e1rtam m\u00e1r, rengeteg dolgot kipr\u00f3b\u00e1ltam, de ennyire j\u00f3l dokument\u00e1lt, megb\u00edzhat\u00f3 eredm\u00e9nyt nem igaz\u00e1n kaptam. Erre nem lehet azt mondani, [&hellip;]\" \/>\n<meta property=\"og:url\" content=\"https:\/\/uj.dualdur.com\/pl\/velemenyek\/\" \/>\n<meta property=\"og:site_name\" content=\"DualDur\" \/>\n<meta property=\"article:modified_time\" content=\"2025-12-12T13:11:27+00:00\" \/>\n<meta name=\"twitter:card\" content=\"summary_large_image\" \/>\n<meta name=\"twitter:label1\" content=\"Szacowany czas czytania\" \/>\n\t<meta name=\"twitter:data1\" content=\"2 minuty\" \/>\n<script type=\"application\/ld+json\" class=\"yoast-schema-graph\">{\"@context\":\"https:\/\/schema.org\",\"@graph\":[{\"@type\":\"WebPage\",\"@id\":\"https:\/\/uj.dualdur.com\/velemenyek\/\",\"url\":\"https:\/\/uj.dualdur.com\/velemenyek\/\",\"name\":\"V\u00e9lem\u00e9nyek - DualDur\",\"isPartOf\":{\"@id\":\"https:\/\/uj.dualdur.com\/#website\"},\"datePublished\":\"2025-07-15T16:57:29+00:00\",\"dateModified\":\"2025-12-12T13:11:27+00:00\",\"breadcrumb\":{\"@id\":\"https:\/\/uj.dualdur.com\/velemenyek\/#breadcrumb\"},\"inLanguage\":\"pl-PL\",\"potentialAction\":[{\"@type\":\"ReadAction\",\"target\":[\"https:\/\/uj.dualdur.com\/velemenyek\/\"]}]},{\"@type\":\"BreadcrumbList\",\"@id\":\"https:\/\/uj.dualdur.com\/velemenyek\/#breadcrumb\",\"itemListElement\":[{\"@type\":\"ListItem\",\"position\":1,\"name\":\"Kezd\u0151lap\",\"item\":\"https:\/\/uj.dualdur.com\/\"},{\"@type\":\"ListItem\",\"position\":2,\"name\":\"V\u00e9lem\u00e9nyek\"}]},{\"@type\":\"WebSite\",\"@id\":\"https:\/\/uj.dualdur.com\/#website\",\"url\":\"https:\/\/uj.dualdur.com\/\",\"name\":\"DualDur\",\"description\":\"\",\"publisher\":{\"@id\":\"https:\/\/uj.dualdur.com\/#organization\"},\"potentialAction\":[{\"@type\":\"SearchAction\",\"target\":{\"@type\":\"EntryPoint\",\"urlTemplate\":\"https:\/\/uj.dualdur.com\/?s={search_term_string}\"},\"query-input\":{\"@type\":\"PropertyValueSpecification\",\"valueRequired\":true,\"valueName\":\"search_term_string\"}}],\"inLanguage\":\"pl-PL\"},{\"@type\":\"Organization\",\"@id\":\"https:\/\/uj.dualdur.com\/#organization\",\"name\":\"DualDur\",\"url\":\"https:\/\/uj.dualdur.com\/\",\"logo\":{\"@type\":\"ImageObject\",\"inLanguage\":\"pl-PL\",\"@id\":\"https:\/\/uj.dualdur.com\/#\/schema\/logo\/image\/\",\"url\":\"https:\/\/uj.dualdur.com\/wp-content\/uploads\/2025\/03\/dualdur-logo.png\",\"contentUrl\":\"https:\/\/uj.dualdur.com\/wp-content\/uploads\/2025\/03\/dualdur-logo.png\",\"width\":224,\"height\":56,\"caption\":\"DualDur\"},\"image\":{\"@id\":\"https:\/\/uj.dualdur.com\/#\/schema\/logo\/image\/\"}}]}<\/script>\n<!-- \/ Yoast SEO Premium plugin. -->","yoast_head_json":{"title":"V\u00e9lem\u00e9nyek - DualDur","robots":{"index":"noindex","follow":"follow","max-snippet":"max-snippet:-1","max-image-preview":"max-image-preview:large","max-video-preview":"max-video-preview:-1"},"og_locale":"pl_PL","og_type":"article","og_title":"V\u00e9lem\u00e9nyek","og_description":"\u201eEz v\u00e9gre a leglogikusabb vizsg\u00e1lat, hiszen nem az ellenanyagot, hanem mag\u00e1t a k\u00f3rokoz\u00f3t mutatja ki.\u201d \u201eMondhatni, el\u00e1jultam, amikor fot\u00f3n megl\u00e1ttam, mi minden van bennem.\u201d Teljes interj\u00fa elolvas\u00e1sa WebORVOSOnline eg\u00e9szs\u00e9g\u00fcgyi magazin \u201eAbszol\u00fat megb\u00edzom benne. El\u0151tte sok helyen j\u00e1rtam m\u00e1r, rengeteg dolgot kipr\u00f3b\u00e1ltam, de ennyire j\u00f3l dokument\u00e1lt, megb\u00edzhat\u00f3 eredm\u00e9nyt nem igaz\u00e1n kaptam. Erre nem lehet azt mondani, [&hellip;]","og_url":"https:\/\/uj.dualdur.com\/pl\/velemenyek\/","og_site_name":"DualDur","article_modified_time":"2025-12-12T13:11:27+00:00","twitter_card":"summary_large_image","twitter_misc":{"Szacowany czas czytania":"2 minuty"},"schema":{"@context":"https:\/\/schema.org","@graph":[{"@type":"WebPage","@id":"https:\/\/uj.dualdur.com\/velemenyek\/","url":"https:\/\/uj.dualdur.com\/velemenyek\/","name":"V\u00e9lem\u00e9nyek - DualDur","isPartOf":{"@id":"https:\/\/uj.dualdur.com\/#website"},"datePublished":"2025-07-15T16:57:29+00:00","dateModified":"2025-12-12T13:11:27+00:00","breadcrumb":{"@id":"https:\/\/uj.dualdur.com\/velemenyek\/#breadcrumb"},"inLanguage":"pl-PL","potentialAction":[{"@type":"ReadAction","target":["https:\/\/uj.dualdur.com\/velemenyek\/"]}]},{"@type":"BreadcrumbList","@id":"https:\/\/uj.dualdur.com\/velemenyek\/#breadcrumb","itemListElement":[{"@type":"ListItem","position":1,"name":"Kezd\u0151lap","item":"https:\/\/uj.dualdur.com\/"},{"@type":"ListItem","position":2,"name":"V\u00e9lem\u00e9nyek"}]},{"@type":"WebSite","@id":"https:\/\/uj.dualdur.com\/#website","url":"https:\/\/uj.dualdur.com\/","name":"DualDur","description":"","publisher":{"@id":"https:\/\/uj.dualdur.com\/#organization"},"potentialAction":[{"@type":"SearchAction","target":{"@type":"EntryPoint","urlTemplate":"https:\/\/uj.dualdur.com\/?s={search_term_string}"},"query-input":{"@type":"PropertyValueSpecification","valueRequired":true,"valueName":"search_term_string"}}],"inLanguage":"pl-PL"},{"@type":"Organization","@id":"https:\/\/uj.dualdur.com\/#organization","name":"DualDur","url":"https:\/\/uj.dualdur.com\/","logo":{"@type":"ImageObject","inLanguage":"pl-PL","@id":"https:\/\/uj.dualdur.com\/#\/schema\/logo\/image\/","url":"https:\/\/uj.dualdur.com\/wp-content\/uploads\/2025\/03\/dualdur-logo.png","contentUrl":"https:\/\/uj.dualdur.com\/wp-content\/uploads\/2025\/03\/dualdur-logo.png","width":224,"height":56,"caption":"DualDur"},"image":{"@id":"https:\/\/uj.dualdur.com\/#\/schema\/logo\/image\/"}}]}},"_links":{"self":[{"href":"https:\/\/uj.dualdur.com\/pl\/wp-json\/wp\/v2\/pages\/1028","targetHints":{"allow":["GET"]}}],"collection":[{"href":"https:\/\/uj.dualdur.com\/pl\/wp-json\/wp\/v2\/pages"}],"about":[{"href":"https:\/\/uj.dualdur.com\/pl\/wp-json\/wp\/v2\/types\/page"}],"author":[{"embeddable":true,"href":"https:\/\/uj.dualdur.com\/pl\/wp-json\/wp\/v2\/users\/1"}],"replies":[{"embeddable":true,"href":"https:\/\/uj.dualdur.com\/pl\/wp-json\/wp\/v2\/comments?post=1028"}],"version-history":[{"count":25,"href":"https:\/\/uj.dualdur.com\/pl\/wp-json\/wp\/v2\/pages\/1028\/revisions"}],"predecessor-version":[{"id":1812,"href":"https:\/\/uj.dualdur.com\/pl\/wp-json\/wp\/v2\/pages\/1028\/revisions\/1812"}],"wp:attachment":[{"href":"https:\/\/uj.dualdur.com\/pl\/wp-json\/wp\/v2\/media?parent=1028"}],"curies":[{"name":"wp","href":"https:\/\/api.w.org\/{rel}","templated":true}]}}