{"id":784,"date":"2025-04-23T00:02:37","date_gmt":"2025-04-22T22:02:37","guid":{"rendered":"https:\/\/uj.dualdur.com\/?page_id=784"},"modified":"2025-11-03T07:28:01","modified_gmt":"2025-11-03T06:28:01","slug":"human-babeziozis-babesiosis","status":"publish","type":"page","link":"https:\/\/uj.dualdur.com\/en\/human-babeziozis-babesiosis\/","title":{"rendered":"Human Babesiosis"},"content":{"rendered":"<div data-elementor-type=\"wp-page\" data-elementor-id=\"784\" class=\"elementor elementor-784\" data-elementor-post-type=\"page\">\n\t\t\t\t<div class=\"elementor-element elementor-element-0d95a9b e-con-full e-flex e-con e-parent\" data-id=\"0d95a9b\" data-element_type=\"container\" data-settings=\"{&quot;background_background&quot;:&quot;classic&quot;}\">\n\t\t\t\t<div class=\"elementor-element elementor-element-837ab6e elementor-align-center elementor-widget elementor-widget-breadcrumbs\" data-id=\"837ab6e\" data-element_type=\"widget\" data-widget_type=\"breadcrumbs.default\">\n\t\t\t\t<div class=\"elementor-widget-container\">\n\t\t\t\t\t<p id=\"breadcrumbs\"><span><span><a href=\"https:\/\/uj.dualdur.com\/en\/\">Home<\/a><\/span><\/span><\/p>\t\t\t\t<\/div>\n\t\t\t\t<\/div>\n\t\t\t\t<\/div>\n\t\t<div class=\"elementor-element elementor-element-583ce947 e-flex e-con-boxed e-con e-parent\" data-id=\"583ce947\" data-element_type=\"container\">\n\t\t\t\t\t<div class=\"e-con-inner\">\n\t\t<div class=\"elementor-element elementor-element-2d34712 e-con-full e-flex e-con e-child\" data-id=\"2d34712\" data-element_type=\"container\">\n\t\t<div class=\"elementor-element elementor-element-5ef898e e-con-full e-flex e-con e-child\" data-id=\"5ef898e\" data-element_type=\"container\">\n\t\t\t\t<div class=\"elementor-element elementor-element-6f8e3d5 elementor-widget elementor-widget-text-editor\" data-id=\"6f8e3d5\" data-element_type=\"widget\" data-widget_type=\"text-editor.default\">\n\t\t\t\t<div class=\"elementor-widget-container\">\n\t\t\t\t\t\t\t\t\t<p><strong>Human babesia infection (Babesiosis)<\/strong><\/p><p>Babesiosis is caused by intraerythrocytic protozoan parasites \u2014 meaning they live inside red blood cells \u2014 that are transmitted by ticks, and more rarely through blood transfusion or transplacentally, from mother to fetus during pregnancy.\nBabesia parasites (and the closely related genus Theileria) are among the most common and widespread blood parasites in the world. Several Babesia species are capable of infecting humans, with Babesia microti being perhaps the most prevalent. Infections with different Babesia species usually follow regional patterns: in the United States, most cases are caused by B. microti, while in Europe, confirmed cases are generally due to Babesia divergens [1].<\/p>\t\t\t\t\t\t\t\t<\/div>\n\t\t\t\t<\/div>\n\t\t\t\t<\/div>\n\t\t<div class=\"elementor-element elementor-element-8d3f1e2 e-con-full e-flex e-con e-child\" data-id=\"8d3f1e2\" data-element_type=\"container\">\n\t\t\t\t<div class=\"elementor-element elementor-element-bc1651d elementor-widget elementor-widget-image\" data-id=\"bc1651d\" data-element_type=\"widget\" data-widget_type=\"image.default\">\n\t\t\t\t<div class=\"elementor-widget-container\">\n\t\t\t\t\t\t\t\t\t\t\t\t\t\t\t<img decoding=\"async\" width=\"300\" height=\"98\" src=\"https:\/\/uj.dualdur.com\/wp-content\/uploads\/2025\/04\/babesia-300x98-1.jpg\" class=\"attachment-full size-full wp-image-782\" alt=\"\" srcset=\"https:\/\/uj.dualdur.com\/wp-content\/uploads\/2025\/04\/babesia-300x98-1.jpg 300w, https:\/\/uj.dualdur.com\/wp-content\/uploads\/2025\/04\/babesia-300x98-1-200x65.jpg 200w\" sizes=\"(max-width: 300px) 100vw, 300px\" \/>\t\t\t\t\t\t\t\t\t\t\t\t\t\t\t<\/div>\n\t\t\t\t<\/div>\n\t\t\t\t<div class=\"elementor-element elementor-element-2bc1cda elementor-widget elementor-widget-text-editor\" data-id=\"2bc1cda\" data-element_type=\"widget\" data-widget_type=\"text-editor.default\">\n\t\t\t\t<div class=\"elementor-widget-container\">\n\t\t\t\t\t\t\t\t\t<p>Babesia in a red blood cell \u2013 under dark-field microscopy<\/p>\t\t\t\t\t\t\t\t<\/div>\n\t\t\t\t<\/div>\n\t\t\t\t<\/div>\n\t\t\t\t<\/div>\n\t\t\t\t\t<\/div>\n\t\t\t\t<\/div>\n\t\t<div class=\"elementor-element elementor-element-6a460ab e-flex e-con-boxed e-con e-parent\" data-id=\"6a460ab\" data-element_type=\"container\" data-settings=\"{&quot;background_background&quot;:&quot;classic&quot;}\">\n\t\t\t\t\t<div class=\"e-con-inner\">\n\t\t\t\t<div class=\"elementor-element elementor-element-e7c52b4 elementor-widget elementor-widget-text-editor\" data-id=\"e7c52b4\" data-element_type=\"widget\" data-widget_type=\"text-editor.default\">\n\t\t\t\t<div class=\"elementor-widget-container\">\n\t\t\t\t\t\t\t\t\t<p>Human babesiosis was first identified in Europe in a patient who had undergone spleen removal, but most reported cases come from the northeastern and upper midwestern regions of the United States, occurring in individuals with intact spleens and no immune impairment. Cases have been reported across nearly the entire globe \u2014 in Asia, Africa, Australia, Europe, and South America. Babesiosis shares several clinical features with malaria and can be fatal, particularly in elderly or immunocompromised patients [2]. Special attention should therefore be given in cases where Lyme disease has been present for a long time, as the persistent presence of Borrelia bacteria may weaken the immune system, making it easier for the parasites to spread.<\/p>\t\t\t\t\t\t\t\t<\/div>\n\t\t\t\t<\/div>\n\t\t\t\t\t<\/div>\n\t\t\t\t<\/div>\n\t\t<div class=\"elementor-element elementor-element-42de63c e-flex e-con-boxed e-con e-parent\" data-id=\"42de63c\" data-element_type=\"container\">\n\t\t\t\t\t<div class=\"e-con-inner\">\n\t\t<div class=\"elementor-element elementor-element-f9c4c68 e-con-full e-flex e-con e-child\" data-id=\"f9c4c68\" data-element_type=\"container\">\n\t\t<div class=\"elementor-element elementor-element-d56104c e-con-full e-flex e-con e-child\" data-id=\"d56104c\" data-element_type=\"container\">\n\t\t\t\t<div class=\"elementor-element elementor-element-8255cc0 elementor-widget elementor-widget-image\" data-id=\"8255cc0\" data-element_type=\"widget\" data-widget_type=\"image.default\">\n\t\t\t\t<div class=\"elementor-widget-container\">\n\t\t\t\t\t\t\t\t\t\t\t\t\t\t\t<img fetchpriority=\"high\" decoding=\"async\" width=\"300\" height=\"246\" src=\"https:\/\/uj.dualdur.com\/wp-content\/uploads\/2025\/10\/Babesia-cycle-300x246-1.jpg\" class=\"attachment-full size-full wp-image-1579\" alt=\"\" \/>\t\t\t\t\t\t\t\t\t\t\t\t\t\t\t<\/div>\n\t\t\t\t<\/div>\n\t\t\t\t<div class=\"elementor-element elementor-element-f6a3f74 elementor-widget elementor-widget-text-editor\" data-id=\"f6a3f74\" data-element_type=\"widget\" data-widget_type=\"text-editor.default\">\n\t\t\t\t<div class=\"elementor-widget-container\">\n\t\t\t\t\t\t\t\t\t<p>The life cycle and developmental stages of Babesia<\/p>\t\t\t\t\t\t\t\t<\/div>\n\t\t\t\t<\/div>\n\t\t\t\t<\/div>\n\t\t<div class=\"elementor-element elementor-element-e66f24b e-con-full e-flex e-con e-child\" data-id=\"e66f24b\" data-element_type=\"container\">\n\t\t\t\t<div class=\"elementor-element elementor-element-537f249 elementor-widget elementor-widget-text-editor\" data-id=\"537f249\" data-element_type=\"widget\" data-widget_type=\"text-editor.default\">\n\t\t\t\t<div class=\"elementor-widget-container\">\n\t\t\t\t\t\t\t\t\t<p>The spectrum of disease manifestations is broad, ranging from silent infection to fulminant, malaria-like illness that can cause severe hemolysis \u2014 the destruction of red blood cells \u2014 and, in some cases, death. Babesia infections therefore range from almost asymptomatic to severe. The specific laboratory diagnosis of Babesia infection is performed through morphological examination of (Giemsa-stained) blood smears, serology, and, with variable success, DNA testing (PCR). Babesia infection causes alterations (protrusions and perforations) on the surface of red blood cells, and the pathogen itself can be identified inside the cells [1][3][4].\nHigh-level infection can be detected through simple microscopic blood examination; in certain confirmed cases, the parasite infected a large proportion of red blood cells [4]. In general cases, concentration of infected red blood cells is required \u2014 for example, using the DualDur co-infection preparation method. According to the recommendation of the U.S. Centers for Disease Control and Prevention (CDC), babesiosis is primarily diagnosed through microscopic examination of the blood [5].<\/p>\t\t\t\t\t\t\t\t<\/div>\n\t\t\t\t<\/div>\n\t\t\t\t<div class=\"elementor-element elementor-element-8883907 elementor-widget elementor-widget-text-editor\" data-id=\"8883907\" data-element_type=\"widget\" data-widget_type=\"text-editor.default\">\n\t\t\t\t<div class=\"elementor-widget-container\">\n\t\t\t\t\t\t\t\t\t<ol><li><em>Homer MJ, Aguilar-Delfin I, Telford SR, Krause PJ, Persing DH. Babesiosis. Clin Microbiol Rev 2000; 13:451\u2013469.<\/em><\/li><li><em>Vannier EG, Diuk-Wasser MA, Ben Mamoun C, Krause PJ. Babesiosis. Infectious Disease Clinics of North America 2015; 29:357\u2013370.<\/em><\/li><li><em>Braga W, Venasco J, Willard L, Moro MH. Ultrastructure of Babesia WA1 (Apicomplexa: Piroplasma) During Infection of Erythrocytes in a Hamster Model. Journal of Parasitology 2006; 92:1104\u20131107.<\/em><\/li><li><em>Sun T, Tenenbaum MJ, Greenspan J, et al. Morphologic and Clinical Observations in Human Infection with Babesia microti. Journal of Infectious Diseases 1983; 148:239\u2013248.<\/em><\/li><li>https:\/\/www.cdc.gov\/babesiosis\/about\/index.html<\/li><\/ol>\t\t\t\t\t\t\t\t<\/div>\n\t\t\t\t<\/div>\n\t\t\t\t<\/div>\n\t\t\t\t<\/div>\n\t\t\t\t\t<\/div>\n\t\t\t\t<\/div>\n\t\t<div class=\"elementor-element elementor-element-05fd006 e-flex e-con-boxed e-con e-parent\" data-id=\"05fd006\" data-element_type=\"container\">\n\t\t\t\t\t<div class=\"e-con-inner\">\n\t\t<div class=\"elementor-element elementor-element-5a7352f e-con-full e-flex e-con e-child\" data-id=\"5a7352f\" data-element_type=\"container\">\n\t\t\t\t<div class=\"elementor-element elementor-element-bb5219b elementor-cta--skin-classic elementor-animated-content elementor-bg-transform elementor-bg-transform-zoom-in elementor-widget elementor-widget-call-to-action\" data-id=\"bb5219b\" data-element_type=\"widget\" data-widget_type=\"call-to-action.default\">\n\t\t\t\t<div class=\"elementor-widget-container\">\n\t\t\t\t\t\t\t<div class=\"elementor-cta\">\n\t\t\t\t\t<div class=\"elementor-cta__bg-wrapper\">\n\t\t\t\t<div class=\"elementor-cta__bg elementor-bg\" style=\"background-image: url(https:\/\/uj.dualdur.com\/wp-content\/uploads\/2025\/08\/Babesia-2.jpg);\" role=\"img\" aria-label=\"Babesia-2\"><\/div>\n\t\t\t\t<div class=\"elementor-cta__bg-overlay\"><\/div>\n\t\t\t<\/div>\n\t\t\t\t\t\t\t<div class=\"elementor-cta__content\">\n\t\t\t\t\n\t\t\t\t\t\t\t\t\t<h2 class=\"elementor-cta__title elementor-cta__content-item elementor-content-item\">\n\t\t\t\t\t\tSurface changes in red blood cells caused by Babesia \u2013 electron microscopic image\t\t\t\t\t<\/h2>\n\t\t\t\t\n\t\t\t\t\n\t\t\t\t\t\t\t<\/div>\n\t\t\t\t\t\t<\/div>\n\t\t\t\t\t\t<\/div>\n\t\t\t\t<\/div>\n\t\t\t\t<\/div>\n\t\t<div class=\"elementor-element elementor-element-2c2dcd1 e-con-full e-flex e-con e-child\" data-id=\"2c2dcd1\" data-element_type=\"container\">\n\t\t\t\t<div class=\"elementor-element elementor-element-0b86112 elementor-cta--skin-classic elementor-animated-content elementor-bg-transform elementor-bg-transform-zoom-in elementor-widget elementor-widget-call-to-action\" data-id=\"0b86112\" data-element_type=\"widget\" data-widget_type=\"call-to-action.default\">\n\t\t\t\t<div class=\"elementor-widget-container\">\n\t\t\t\t\t\t\t<div class=\"elementor-cta\">\n\t\t\t\t\t<div class=\"elementor-cta__bg-wrapper\">\n\t\t\t\t<div class=\"elementor-cta__bg elementor-bg\" style=\"background-image: url(https:\/\/uj.dualdur.com\/wp-content\/uploads\/2025\/10\/Babesia-3-300x179-1.jpg);\" role=\"img\" aria-label=\"Babesia-3-300x179\"><\/div>\n\t\t\t\t<div class=\"elementor-cta__bg-overlay\"><\/div>\n\t\t\t<\/div>\n\t\t\t\t\t\t\t<div class=\"elementor-cta__content\">\n\t\t\t\t\n\t\t\t\t\t\t\t\t\t<h2 class=\"elementor-cta__title elementor-cta__content-item elementor-content-item\">\n\t\t\t\t\t\tBabesia in the red blood cell \u2013 electron microscopic image\t\t\t\t\t<\/h2>\n\t\t\t\t\n\t\t\t\t\n\t\t\t\t\t\t\t<\/div>\n\t\t\t\t\t\t<\/div>\n\t\t\t\t\t\t<\/div>\n\t\t\t\t<\/div>\n\t\t\t\t<\/div>\n\t\t<div class=\"elementor-element elementor-element-2db5f8d e-con-full e-flex e-con e-child\" data-id=\"2db5f8d\" data-element_type=\"container\">\n\t\t\t\t<div class=\"elementor-element elementor-element-69e4057 elementor-cta--skin-classic elementor-animated-content elementor-bg-transform elementor-bg-transform-zoom-in elementor-widget elementor-widget-call-to-action\" data-id=\"69e4057\" data-element_type=\"widget\" data-widget_type=\"call-to-action.default\">\n\t\t\t\t<div class=\"elementor-widget-container\">\n\t\t\t\t\t\t\t<div class=\"elementor-cta\">\n\t\t\t\t\t<div class=\"elementor-cta__bg-wrapper\">\n\t\t\t\t<div class=\"elementor-cta__bg elementor-bg\" style=\"background-image: url(https:\/\/uj.dualdur.com\/wp-content\/uploads\/2025\/10\/Babesia-4-214x300-1.jpg);\" role=\"img\" aria-label=\"Babesia-4-214x300\"><\/div>\n\t\t\t\t<div class=\"elementor-cta__bg-overlay\"><\/div>\n\t\t\t<\/div>\n\t\t\t\t\t\t\t<div class=\"elementor-cta__content\">\n\t\t\t\t\n\t\t\t\t\t\t\t\t\t<h2 class=\"elementor-cta__title elementor-cta__content-item elementor-content-item\">\n\t\t\t\t\t\tSurface changes in red blood cells caused by Babesia \u2013 electron microscopic image\t\t\t\t\t<\/h2>\n\t\t\t\t\n\t\t\t\t\n\t\t\t\t\t\t\t<\/div>\n\t\t\t\t\t\t<\/div>\n\t\t\t\t\t\t<\/div>\n\t\t\t\t<\/div>\n\t\t\t\t<\/div>\n\t\t\t\t\t<\/div>\n\t\t\t\t<\/div>\n\t\t\t\t<\/div>","protected":false},"excerpt":{"rendered":"<p>A hum\u00e1n babezi\u00f3zis (Babesiosis) A babezi\u00f3zist (Babesiosis) intraeritrociter, teh\u00e1t a v\u00f6r\u00f6sv\u00e9rtesteken bel\u00fcl \u00e9l\u0151 protozoa parazit\u00e1k okozz\u00e1k, amelyeket kullancsok terjesztenek, ritk\u00e1bban v\u00e9r\u00e1t\u00f6mleszt\u00e9ssel fert\u0151znek, vagy transzplacent\u00e1lisan, teh\u00e1t az anya m\u00e9h\u00e9ben ad\u00f3dhatnak \u00e1t a magzatnak. Babesia a v\u00f6r\u00f6sv\u00e9rtestben \u2013 s\u00f6t\u00e9tl\u00e1t\u00f3teres mikroszk\u00f3ppa A babezia parazit\u00e1k (\u00e9s a k\u00f6zeli rokons\u00e1gban \u00e1ll\u00f3 Theileria nemzets\u00e9g) a vil\u00e1g leggyakoribb \u00e9s legsz\u00e9lesebb k\u00f6rben elterjedt [&hellip;]<\/p>","protected":false},"author":1,"featured_media":0,"parent":0,"menu_order":0,"comment_status":"closed","ping_status":"closed","template":"","meta":{"footnotes":""},"class_list":["post-784","page","type-page","status-publish","hentry"],"yoast_head":"<!-- This site is optimized with the Yoast SEO Premium plugin v26.2 (Yoast SEO v26.5) - https:\/\/yoast.com\/wordpress\/plugins\/seo\/ -->\n<title>Hum\u00e1n Babezi\u00f3zis (Babesiosis) - DualDur<\/title>\n<meta name=\"robots\" content=\"noindex, follow, max-snippet:-1, max-image-preview:large, max-video-preview:-1\" \/>\n<meta property=\"og:locale\" content=\"en_US\" \/>\n<meta property=\"og:type\" content=\"article\" \/>\n<meta property=\"og:title\" content=\"Hum\u00e1n Babezi\u00f3zis (Babesiosis)\" \/>\n<meta property=\"og:description\" content=\"A hum\u00e1n babezi\u00f3zis (Babesiosis) A babezi\u00f3zist (Babesiosis) intraeritrociter, teh\u00e1t a v\u00f6r\u00f6sv\u00e9rtesteken bel\u00fcl \u00e9l\u0151 protozoa parazit\u00e1k okozz\u00e1k, amelyeket kullancsok terjesztenek, ritk\u00e1bban v\u00e9r\u00e1t\u00f6mleszt\u00e9ssel fert\u0151znek, vagy transzplacent\u00e1lisan, teh\u00e1t az anya m\u00e9h\u00e9ben ad\u00f3dhatnak \u00e1t a magzatnak. Babesia a v\u00f6r\u00f6sv\u00e9rtestben \u2013 s\u00f6t\u00e9tl\u00e1t\u00f3teres mikroszk\u00f3ppa A babezia parazit\u00e1k (\u00e9s a k\u00f6zeli rokons\u00e1gban \u00e1ll\u00f3 Theileria nemzets\u00e9g) a vil\u00e1g leggyakoribb \u00e9s legsz\u00e9lesebb k\u00f6rben elterjedt [&hellip;]\" \/>\n<meta property=\"og:url\" content=\"https:\/\/uj.dualdur.com\/en\/human-babeziozis-babesiosis\/\" \/>\n<meta property=\"og:site_name\" content=\"DualDur\" \/>\n<meta property=\"article:modified_time\" content=\"2025-11-03T06:28:01+00:00\" \/>\n<meta property=\"og:image\" content=\"https:\/\/uj.dualdur.com\/wp-content\/uploads\/2025\/04\/babesia-300x98-1.jpg\" \/>\n\t<meta property=\"og:image:width\" content=\"300\" \/>\n\t<meta property=\"og:image:height\" content=\"98\" \/>\n\t<meta property=\"og:image:type\" content=\"image\/jpeg\" \/>\n<meta name=\"twitter:card\" content=\"summary_large_image\" \/>\n<meta name=\"twitter:label1\" content=\"Est. reading time\" \/>\n\t<meta name=\"twitter:data1\" content=\"3 minutes\" \/>\n<script type=\"application\/ld+json\" class=\"yoast-schema-graph\">{\"@context\":\"https:\/\/schema.org\",\"@graph\":[{\"@type\":\"WebPage\",\"@id\":\"https:\/\/uj.dualdur.com\/human-babeziozis-babesiosis\/\",\"url\":\"https:\/\/uj.dualdur.com\/human-babeziozis-babesiosis\/\",\"name\":\"Hum\u00e1n Babezi\u00f3zis (Babesiosis) - DualDur\",\"isPartOf\":{\"@id\":\"https:\/\/uj.dualdur.com\/#website\"},\"primaryImageOfPage\":{\"@id\":\"https:\/\/uj.dualdur.com\/human-babeziozis-babesiosis\/#primaryimage\"},\"image\":{\"@id\":\"https:\/\/uj.dualdur.com\/human-babeziozis-babesiosis\/#primaryimage\"},\"thumbnailUrl\":\"https:\/\/uj.dualdur.com\/wp-content\/uploads\/2025\/04\/babesia-300x98-1.jpg\",\"datePublished\":\"2025-04-22T22:02:37+00:00\",\"dateModified\":\"2025-11-03T06:28:01+00:00\",\"breadcrumb\":{\"@id\":\"https:\/\/uj.dualdur.com\/human-babeziozis-babesiosis\/#breadcrumb\"},\"inLanguage\":\"en-US\",\"potentialAction\":[{\"@type\":\"ReadAction\",\"target\":[\"https:\/\/uj.dualdur.com\/human-babeziozis-babesiosis\/\"]}]},{\"@type\":\"ImageObject\",\"inLanguage\":\"en-US\",\"@id\":\"https:\/\/uj.dualdur.com\/human-babeziozis-babesiosis\/#primaryimage\",\"url\":\"https:\/\/uj.dualdur.com\/wp-content\/uploads\/2025\/04\/babesia-300x98-1.jpg\",\"contentUrl\":\"https:\/\/uj.dualdur.com\/wp-content\/uploads\/2025\/04\/babesia-300x98-1.jpg\"},{\"@type\":\"BreadcrumbList\",\"@id\":\"https:\/\/uj.dualdur.com\/human-babeziozis-babesiosis\/#breadcrumb\",\"itemListElement\":[{\"@type\":\"ListItem\",\"position\":1,\"name\":\"Kezd\u0151lap\",\"item\":\"https:\/\/uj.dualdur.com\/\"},{\"@type\":\"ListItem\",\"position\":2,\"name\":\"Hum\u00e1n Babezi\u00f3zis (Babesiosis)\"}]},{\"@type\":\"WebSite\",\"@id\":\"https:\/\/uj.dualdur.com\/#website\",\"url\":\"https:\/\/uj.dualdur.com\/\",\"name\":\"DualDur\",\"description\":\"\",\"publisher\":{\"@id\":\"https:\/\/uj.dualdur.com\/#organization\"},\"potentialAction\":[{\"@type\":\"SearchAction\",\"target\":{\"@type\":\"EntryPoint\",\"urlTemplate\":\"https:\/\/uj.dualdur.com\/?s={search_term_string}\"},\"query-input\":{\"@type\":\"PropertyValueSpecification\",\"valueRequired\":true,\"valueName\":\"search_term_string\"}}],\"inLanguage\":\"en-US\"},{\"@type\":\"Organization\",\"@id\":\"https:\/\/uj.dualdur.com\/#organization\",\"name\":\"DualDur\",\"url\":\"https:\/\/uj.dualdur.com\/\",\"logo\":{\"@type\":\"ImageObject\",\"inLanguage\":\"en-US\",\"@id\":\"https:\/\/uj.dualdur.com\/#\/schema\/logo\/image\/\",\"url\":\"https:\/\/uj.dualdur.com\/wp-content\/uploads\/2025\/03\/dualdur-logo.png\",\"contentUrl\":\"https:\/\/uj.dualdur.com\/wp-content\/uploads\/2025\/03\/dualdur-logo.png\",\"width\":224,\"height\":56,\"caption\":\"DualDur\"},\"image\":{\"@id\":\"https:\/\/uj.dualdur.com\/#\/schema\/logo\/image\/\"}}]}<\/script>\n<!-- \/ Yoast SEO Premium plugin. -->","yoast_head_json":{"title":"Hum\u00e1n Babezi\u00f3zis (Babesiosis) - DualDur","robots":{"index":"noindex","follow":"follow","max-snippet":"max-snippet:-1","max-image-preview":"max-image-preview:large","max-video-preview":"max-video-preview:-1"},"og_locale":"en_US","og_type":"article","og_title":"Hum\u00e1n Babezi\u00f3zis (Babesiosis)","og_description":"A hum\u00e1n babezi\u00f3zis (Babesiosis) A babezi\u00f3zist (Babesiosis) intraeritrociter, teh\u00e1t a v\u00f6r\u00f6sv\u00e9rtesteken bel\u00fcl \u00e9l\u0151 protozoa parazit\u00e1k okozz\u00e1k, amelyeket kullancsok terjesztenek, ritk\u00e1bban v\u00e9r\u00e1t\u00f6mleszt\u00e9ssel fert\u0151znek, vagy transzplacent\u00e1lisan, teh\u00e1t az anya m\u00e9h\u00e9ben ad\u00f3dhatnak \u00e1t a magzatnak. Babesia a v\u00f6r\u00f6sv\u00e9rtestben \u2013 s\u00f6t\u00e9tl\u00e1t\u00f3teres mikroszk\u00f3ppa A babezia parazit\u00e1k (\u00e9s a k\u00f6zeli rokons\u00e1gban \u00e1ll\u00f3 Theileria nemzets\u00e9g) a vil\u00e1g leggyakoribb \u00e9s legsz\u00e9lesebb k\u00f6rben elterjedt [&hellip;]","og_url":"https:\/\/uj.dualdur.com\/en\/human-babeziozis-babesiosis\/","og_site_name":"DualDur","article_modified_time":"2025-11-03T06:28:01+00:00","og_image":[{"width":300,"height":98,"url":"https:\/\/uj.dualdur.com\/wp-content\/uploads\/2025\/04\/babesia-300x98-1.jpg","type":"image\/jpeg"}],"twitter_card":"summary_large_image","twitter_misc":{"Est. reading time":"3 minutes"},"schema":{"@context":"https:\/\/schema.org","@graph":[{"@type":"WebPage","@id":"https:\/\/uj.dualdur.com\/human-babeziozis-babesiosis\/","url":"https:\/\/uj.dualdur.com\/human-babeziozis-babesiosis\/","name":"Hum\u00e1n Babezi\u00f3zis (Babesiosis) - DualDur","isPartOf":{"@id":"https:\/\/uj.dualdur.com\/#website"},"primaryImageOfPage":{"@id":"https:\/\/uj.dualdur.com\/human-babeziozis-babesiosis\/#primaryimage"},"image":{"@id":"https:\/\/uj.dualdur.com\/human-babeziozis-babesiosis\/#primaryimage"},"thumbnailUrl":"https:\/\/uj.dualdur.com\/wp-content\/uploads\/2025\/04\/babesia-300x98-1.jpg","datePublished":"2025-04-22T22:02:37+00:00","dateModified":"2025-11-03T06:28:01+00:00","breadcrumb":{"@id":"https:\/\/uj.dualdur.com\/human-babeziozis-babesiosis\/#breadcrumb"},"inLanguage":"en-US","potentialAction":[{"@type":"ReadAction","target":["https:\/\/uj.dualdur.com\/human-babeziozis-babesiosis\/"]}]},{"@type":"ImageObject","inLanguage":"en-US","@id":"https:\/\/uj.dualdur.com\/human-babeziozis-babesiosis\/#primaryimage","url":"https:\/\/uj.dualdur.com\/wp-content\/uploads\/2025\/04\/babesia-300x98-1.jpg","contentUrl":"https:\/\/uj.dualdur.com\/wp-content\/uploads\/2025\/04\/babesia-300x98-1.jpg"},{"@type":"BreadcrumbList","@id":"https:\/\/uj.dualdur.com\/human-babeziozis-babesiosis\/#breadcrumb","itemListElement":[{"@type":"ListItem","position":1,"name":"Kezd\u0151lap","item":"https:\/\/uj.dualdur.com\/"},{"@type":"ListItem","position":2,"name":"Hum\u00e1n Babezi\u00f3zis (Babesiosis)"}]},{"@type":"WebSite","@id":"https:\/\/uj.dualdur.com\/#website","url":"https:\/\/uj.dualdur.com\/","name":"DualDur","description":"","publisher":{"@id":"https:\/\/uj.dualdur.com\/#organization"},"potentialAction":[{"@type":"SearchAction","target":{"@type":"EntryPoint","urlTemplate":"https:\/\/uj.dualdur.com\/?s={search_term_string}"},"query-input":{"@type":"PropertyValueSpecification","valueRequired":true,"valueName":"search_term_string"}}],"inLanguage":"en-US"},{"@type":"Organization","@id":"https:\/\/uj.dualdur.com\/#organization","name":"DualDur","url":"https:\/\/uj.dualdur.com\/","logo":{"@type":"ImageObject","inLanguage":"en-US","@id":"https:\/\/uj.dualdur.com\/#\/schema\/logo\/image\/","url":"https:\/\/uj.dualdur.com\/wp-content\/uploads\/2025\/03\/dualdur-logo.png","contentUrl":"https:\/\/uj.dualdur.com\/wp-content\/uploads\/2025\/03\/dualdur-logo.png","width":224,"height":56,"caption":"DualDur"},"image":{"@id":"https:\/\/uj.dualdur.com\/#\/schema\/logo\/image\/"}}]}},"_links":{"self":[{"href":"https:\/\/uj.dualdur.com\/en\/wp-json\/wp\/v2\/pages\/784","targetHints":{"allow":["GET"]}}],"collection":[{"href":"https:\/\/uj.dualdur.com\/en\/wp-json\/wp\/v2\/pages"}],"about":[{"href":"https:\/\/uj.dualdur.com\/en\/wp-json\/wp\/v2\/types\/page"}],"author":[{"embeddable":true,"href":"https:\/\/uj.dualdur.com\/en\/wp-json\/wp\/v2\/users\/1"}],"replies":[{"embeddable":true,"href":"https:\/\/uj.dualdur.com\/en\/wp-json\/wp\/v2\/comments?post=784"}],"version-history":[{"count":29,"href":"https:\/\/uj.dualdur.com\/en\/wp-json\/wp\/v2\/pages\/784\/revisions"}],"predecessor-version":[{"id":1706,"href":"https:\/\/uj.dualdur.com\/en\/wp-json\/wp\/v2\/pages\/784\/revisions\/1706"}],"wp:attachment":[{"href":"https:\/\/uj.dualdur.com\/en\/wp-json\/wp\/v2\/media?parent=784"}],"curies":[{"name":"wp","href":"https:\/\/api.w.org\/{rel}","templated":true}]}}