{"id":1310,"date":"2025-08-16T10:26:44","date_gmt":"2025-08-16T08:26:44","guid":{"rendered":"https:\/\/uj.dualdur.com\/?page_id=1310"},"modified":"2025-11-03T07:36:27","modified_gmt":"2025-11-03T06:36:27","slug":"teendok-vervetel-elott","status":"publish","type":"page","link":"https:\/\/uj.dualdur.com\/en\/teendok-vervetel-elott\/","title":{"rendered":"Instructions before a blood test"},"content":{"rendered":"<div data-elementor-type=\"wp-page\" data-elementor-id=\"1310\" class=\"elementor elementor-1310\" data-elementor-post-type=\"page\">\n\t\t\t\t<div class=\"elementor-element elementor-element-304b0c6 e-con-full e-flex e-con e-parent\" data-id=\"304b0c6\" data-element_type=\"container\" data-settings=\"{&quot;background_background&quot;:&quot;classic&quot;}\">\n\t\t\t\t<div class=\"elementor-element elementor-element-007b1a7 elementor-widget elementor-widget-heading\" data-id=\"007b1a7\" data-element_type=\"widget\" data-widget_type=\"heading.default\">\n\t\t\t\t<div class=\"elementor-widget-container\">\n\t\t\t\t\t<h2 class=\"elementor-heading-title elementor-size-default\">Instructions before a blood test<\/h2>\t\t\t\t<\/div>\n\t\t\t\t<\/div>\n\t\t\t\t<div class=\"elementor-element elementor-element-368f880 elementor-align-center elementor-widget elementor-widget-breadcrumbs\" data-id=\"368f880\" data-element_type=\"widget\" data-widget_type=\"breadcrumbs.default\">\n\t\t\t\t<div class=\"elementor-widget-container\">\n\t\t\t\t\t<p id=\"breadcrumbs\"><span><span><a href=\"https:\/\/uj.dualdur.com\/en\/\">Home<\/a><\/span><\/span><\/p>\t\t\t\t<\/div>\n\t\t\t\t<\/div>\n\t\t\t\t<\/div>\n\t\t<div class=\"elementor-element elementor-element-cfd450c e-flex e-con-boxed e-con e-parent\" data-id=\"cfd450c\" data-element_type=\"container\">\n\t\t\t\t\t<div class=\"e-con-inner\">\n\t\t\t\t<div class=\"elementor-element elementor-element-d6cb557 elementor-widget elementor-widget-text-editor\" data-id=\"d6cb557\" data-element_type=\"widget\" data-widget_type=\"text-editor.default\">\n\t\t\t\t<div class=\"elementor-widget-container\">\n\t\t\t\t\t\t\t\t\t<p class=\"translation-block\"><strong>What does the DualDur test entail?<\/strong><br>The test is performed in vitro, so the process takes place outside the body, under controlled laboratory conditions. To do this, only 4 ml of blood is needed from the patient in advance, which is taken by trained specialists at once in a special liquid.<\/p><p class=\"translation-block\"><strong>How can you prepare for the DualDur test?<\/strong><br>Blood sampling is usually done on an empty stomach, do not take food 8-10 hours before the time of the blood sampling, and please maintain a fat-free diet <span style=\"text-decoration: underline\">24 hours before the blood sampling<\/span> to ensure the effectiveness of the test. <br>Before the examination, please read our valid Package Insert, which you can request from your doctor or directly from our colleagues. If you have any questions, you can also ask your doctor or our colleagues for more information if you have any questions about the examination methodology. You certify your informed consent and adherence to the diet by your signature. <br>In order to perform the test and send you your results, we need your personal identification information, such as your Name, Birth Name, Mother's Birth Name, Date of Birth and Social Security Number, as well as your email address, telephone number or other contact information. We process these data in accordance with Act XLVII of 1997 and GDPR Regulation, so the data will always be safe with us. We will ask you for this data in the Patient Data Sheet.<\/p><p class=\"translation-block\"><strong>What does a fat-free diet mean?<\/strong><br>Avoiding fatty foods means a relatively cumbersome diet that only needs to be followed for 24 hours, so it does not put a serious strain on our body or your feeling of hunger. What is worth paying attention to is that there are foods and snacks that contain fat and we don't necessarily think of avoiding them. For example, even one almond contains 1 gram of fat, similar to other seeds, so from a dietary point of view, these foods should also be avoided. All foods prepared using oil should also be avoided, such as salad dressed with oil, chips, milk and dairy products, meat (except natural chicken breast and turkey breast), avocado, chocolate, chia seeds, salmon, tuna, tofu, olives, etc. In case of uncertainty, the internet provides adequate information about the fat content of each food, but you can also omit the food in question for safety's sake. <br>Recommended foods when following a fat-free diet:<\/p>\t\t\t\t\t\t\t\t<\/div>\n\t\t\t\t<\/div>\n\t\t<div class=\"elementor-element elementor-element-2109bee e-con-full e-flex e-con e-child\" data-id=\"2109bee\" data-element_type=\"container\">\n\t\t<div class=\"elementor-element elementor-element-874788f e-con-full e-flex e-con e-child\" data-id=\"874788f\" data-element_type=\"container\">\n\t\t\t\t<div class=\"elementor-element elementor-element-9653640 elementor-icon-list--layout-traditional elementor-list-item-link-full_width elementor-widget elementor-widget-icon-list\" data-id=\"9653640\" data-element_type=\"widget\" data-widget_type=\"icon-list.default\">\n\t\t\t\t<div class=\"elementor-widget-container\">\n\t\t\t\t\t\t\t<ul class=\"elementor-icon-list-items\">\n\t\t\t\t\t\t\t<li class=\"elementor-icon-list-item\">\n\t\t\t\t\t\t\t\t\t\t\t<span class=\"elementor-icon-list-icon\">\n\t\t\t\t\t\t\t<svg aria-hidden=\"true\" class=\"e-font-icon-svg e-fas-check-circle\" viewbox=\"0 0 512 512\" xmlns=\"http:\/\/www.w3.org\/2000\/svg\"><path d=\"M504 256c0 136.967-111.033 248-248 248S8 392.967 8 256 119.033 8 256 8s248 111.033 248 248zM227.314 387.314l184-184c6.248-6.248 6.248-16.379 0-22.627l-22.627-22.627c-6.248-6.249-16.379-6.249-22.628 0L216 308.118l-70.059-70.059c-6.248-6.248-16.379-6.248-22.628 0l-22.627 22.627c-6.248 6.248-6.248 16.379 0 22.627l104 104c6.249 6.249 16.379 6.249 22.628.001z\"><\/path><\/svg>\t\t\t\t\t\t<\/span>\n\t\t\t\t\t\t\t\t\t\t<span class=\"elementor-icon-list-text\">Beans, legumes<\/span>\n\t\t\t\t\t\t\t\t\t<\/li>\n\t\t\t\t\t\t\t\t<li class=\"elementor-icon-list-item\">\n\t\t\t\t\t\t\t\t\t\t\t<span class=\"elementor-icon-list-icon\">\n\t\t\t\t\t\t\t<svg aria-hidden=\"true\" class=\"e-font-icon-svg e-fas-check-circle\" viewbox=\"0 0 512 512\" xmlns=\"http:\/\/www.w3.org\/2000\/svg\"><path d=\"M504 256c0 136.967-111.033 248-248 248S8 392.967 8 256 119.033 8 256 8s248 111.033 248 248zM227.314 387.314l184-184c6.248-6.248 6.248-16.379 0-22.627l-22.627-22.627c-6.248-6.249-16.379-6.249-22.628 0L216 308.118l-70.059-70.059c-6.248-6.248-16.379-6.248-22.628 0l-22.627 22.627c-6.248 6.248-6.248 16.379 0 22.627l104 104c6.249 6.249 16.379 6.249 22.628.001z\"><\/path><\/svg>\t\t\t\t\t\t<\/span>\n\t\t\t\t\t\t\t\t\t\t<span class=\"elementor-icon-list-text\">Lentils<\/span>\n\t\t\t\t\t\t\t\t\t<\/li>\n\t\t\t\t\t\t\t\t<li class=\"elementor-icon-list-item\">\n\t\t\t\t\t\t\t\t\t\t\t<span class=\"elementor-icon-list-icon\">\n\t\t\t\t\t\t\t<svg aria-hidden=\"true\" class=\"e-font-icon-svg e-fas-check-circle\" viewbox=\"0 0 512 512\" xmlns=\"http:\/\/www.w3.org\/2000\/svg\"><path d=\"M504 256c0 136.967-111.033 248-248 248S8 392.967 8 256 119.033 8 256 8s248 111.033 248 248zM227.314 387.314l184-184c6.248-6.248 6.248-16.379 0-22.627l-22.627-22.627c-6.248-6.249-16.379-6.249-22.628 0L216 308.118l-70.059-70.059c-6.248-6.248-16.379-6.248-22.628 0l-22.627 22.627c-6.248 6.248-6.248 16.379 0 22.627l104 104c6.249 6.249 16.379 6.249 22.628.001z\"><\/path><\/svg>\t\t\t\t\t\t<\/span>\n\t\t\t\t\t\t\t\t\t\t<span class=\"elementor-icon-list-text\">Ruffle<\/span>\n\t\t\t\t\t\t\t\t\t<\/li>\n\t\t\t\t\t\t\t\t<li class=\"elementor-icon-list-item\">\n\t\t\t\t\t\t\t\t\t\t\t<span class=\"elementor-icon-list-icon\">\n\t\t\t\t\t\t\t<svg aria-hidden=\"true\" class=\"e-font-icon-svg e-fas-check-circle\" viewbox=\"0 0 512 512\" xmlns=\"http:\/\/www.w3.org\/2000\/svg\"><path d=\"M504 256c0 136.967-111.033 248-248 248S8 392.967 8 256 119.033 8 256 8s248 111.033 248 248zM227.314 387.314l184-184c6.248-6.248 6.248-16.379 0-22.627l-22.627-22.627c-6.248-6.249-16.379-6.249-22.628 0L216 308.118l-70.059-70.059c-6.248-6.248-16.379-6.248-22.628 0l-22.627 22.627c-6.248 6.248-6.248 16.379 0 22.627l104 104c6.249 6.249 16.379 6.249 22.628.001z\"><\/path><\/svg>\t\t\t\t\t\t<\/span>\n\t\t\t\t\t\t\t\t\t\t<span class=\"elementor-icon-list-text\">Spinach<\/span>\n\t\t\t\t\t\t\t\t\t<\/li>\n\t\t\t\t\t\t<\/ul>\n\t\t\t\t\t\t<\/div>\n\t\t\t\t<\/div>\n\t\t\t\t<\/div>\n\t\t<div class=\"elementor-element elementor-element-5f1085f e-con-full e-flex e-con e-child\" data-id=\"5f1085f\" data-element_type=\"container\">\n\t\t\t\t<div class=\"elementor-element elementor-element-e9a28a5 elementor-icon-list--layout-traditional elementor-list-item-link-full_width elementor-widget elementor-widget-icon-list\" data-id=\"e9a28a5\" data-element_type=\"widget\" data-widget_type=\"icon-list.default\">\n\t\t\t\t<div class=\"elementor-widget-container\">\n\t\t\t\t\t\t\t<ul class=\"elementor-icon-list-items\">\n\t\t\t\t\t\t\t<li class=\"elementor-icon-list-item\">\n\t\t\t\t\t\t\t\t\t\t\t<span class=\"elementor-icon-list-icon\">\n\t\t\t\t\t\t\t<svg aria-hidden=\"true\" class=\"e-font-icon-svg e-fas-check-circle\" viewbox=\"0 0 512 512\" xmlns=\"http:\/\/www.w3.org\/2000\/svg\"><path d=\"M504 256c0 136.967-111.033 248-248 248S8 392.967 8 256 119.033 8 256 8s248 111.033 248 248zM227.314 387.314l184-184c6.248-6.248 6.248-16.379 0-22.627l-22.627-22.627c-6.248-6.249-16.379-6.249-22.628 0L216 308.118l-70.059-70.059c-6.248-6.248-16.379-6.248-22.628 0l-22.627 22.627c-6.248 6.248-6.248 16.379 0 22.627l104 104c6.249 6.249 16.379 6.249 22.628.001z\"><\/path><\/svg>\t\t\t\t\t\t<\/span>\n\t\t\t\t\t\t\t\t\t\t<span class=\"elementor-icon-list-text\">Broccoli<\/span>\n\t\t\t\t\t\t\t\t\t<\/li>\n\t\t\t\t\t\t\t\t<li class=\"elementor-icon-list-item\">\n\t\t\t\t\t\t\t\t\t\t\t<span class=\"elementor-icon-list-icon\">\n\t\t\t\t\t\t\t<svg aria-hidden=\"true\" class=\"e-font-icon-svg e-fas-check-circle\" viewbox=\"0 0 512 512\" xmlns=\"http:\/\/www.w3.org\/2000\/svg\"><path d=\"M504 256c0 136.967-111.033 248-248 248S8 392.967 8 256 119.033 8 256 8s248 111.033 248 248zM227.314 387.314l184-184c6.248-6.248 6.248-16.379 0-22.627l-22.627-22.627c-6.248-6.249-16.379-6.249-22.628 0L216 308.118l-70.059-70.059c-6.248-6.248-16.379-6.248-22.628 0l-22.627 22.627c-6.248 6.248-6.248 16.379 0 22.627l104 104c6.249 6.249 16.379 6.249 22.628.001z\"><\/path><\/svg>\t\t\t\t\t\t<\/span>\n\t\t\t\t\t\t\t\t\t\t<span class=\"elementor-icon-list-text\">Mushroom<\/span>\n\t\t\t\t\t\t\t\t\t<\/li>\n\t\t\t\t\t\t\t\t<li class=\"elementor-icon-list-item\">\n\t\t\t\t\t\t\t\t\t\t\t<span class=\"elementor-icon-list-icon\">\n\t\t\t\t\t\t\t<svg aria-hidden=\"true\" class=\"e-font-icon-svg e-fas-check-circle\" viewbox=\"0 0 512 512\" xmlns=\"http:\/\/www.w3.org\/2000\/svg\"><path d=\"M504 256c0 136.967-111.033 248-248 248S8 392.967 8 256 119.033 8 256 8s248 111.033 248 248zM227.314 387.314l184-184c6.248-6.248 6.248-16.379 0-22.627l-22.627-22.627c-6.248-6.249-16.379-6.249-22.628 0L216 308.118l-70.059-70.059c-6.248-6.248-16.379-6.248-22.628 0l-22.627 22.627c-6.248 6.248-6.248 16.379 0 22.627l104 104c6.249 6.249 16.379 6.249 22.628.001z\"><\/path><\/svg>\t\t\t\t\t\t<\/span>\n\t\t\t\t\t\t\t\t\t\t<span class=\"elementor-icon-list-text\">Apple<\/span>\n\t\t\t\t\t\t\t\t\t<\/li>\n\t\t\t\t\t\t<\/ul>\n\t\t\t\t\t\t<\/div>\n\t\t\t\t<\/div>\n\t\t\t\t<\/div>\n\t\t<div class=\"elementor-element elementor-element-69b305a e-con-full e-flex e-con e-child\" data-id=\"69b305a\" data-element_type=\"container\">\n\t\t\t\t<div class=\"elementor-element elementor-element-aa5c5a7 elementor-icon-list--layout-traditional elementor-list-item-link-full_width elementor-widget elementor-widget-icon-list\" data-id=\"aa5c5a7\" data-element_type=\"widget\" data-widget_type=\"icon-list.default\">\n\t\t\t\t<div class=\"elementor-widget-container\">\n\t\t\t\t\t\t\t<ul class=\"elementor-icon-list-items\">\n\t\t\t\t\t\t\t<li class=\"elementor-icon-list-item\">\n\t\t\t\t\t\t\t\t\t\t\t<span class=\"elementor-icon-list-icon\">\n\t\t\t\t\t\t\t<svg aria-hidden=\"true\" class=\"e-font-icon-svg e-fas-check-circle\" viewbox=\"0 0 512 512\" xmlns=\"http:\/\/www.w3.org\/2000\/svg\"><path d=\"M504 256c0 136.967-111.033 248-248 248S8 392.967 8 256 119.033 8 256 8s248 111.033 248 248zM227.314 387.314l184-184c6.248-6.248 6.248-16.379 0-22.627l-22.627-22.627c-6.248-6.249-16.379-6.249-22.628 0L216 308.118l-70.059-70.059c-6.248-6.248-16.379-6.248-22.628 0l-22.627 22.627c-6.248 6.248-6.248 16.379 0 22.627l104 104c6.249 6.249 16.379 6.249 22.628.001z\"><\/path><\/svg>\t\t\t\t\t\t<\/span>\n\t\t\t\t\t\t\t\t\t\t<span class=\"elementor-icon-list-text\">Banana<\/span>\n\t\t\t\t\t\t\t\t\t<\/li>\n\t\t\t\t\t\t\t\t<li class=\"elementor-icon-list-item\">\n\t\t\t\t\t\t\t\t\t\t\t<span class=\"elementor-icon-list-icon\">\n\t\t\t\t\t\t\t<svg aria-hidden=\"true\" class=\"e-font-icon-svg e-fas-check-circle\" viewbox=\"0 0 512 512\" xmlns=\"http:\/\/www.w3.org\/2000\/svg\"><path d=\"M504 256c0 136.967-111.033 248-248 248S8 392.967 8 256 119.033 8 256 8s248 111.033 248 248zM227.314 387.314l184-184c6.248-6.248 6.248-16.379 0-22.627l-22.627-22.627c-6.248-6.249-16.379-6.249-22.628 0L216 308.118l-70.059-70.059c-6.248-6.248-16.379-6.248-22.628 0l-22.627 22.627c-6.248 6.248-6.248 16.379 0 22.627l104 104c6.249 6.249 16.379 6.249 22.628.001z\"><\/path><\/svg>\t\t\t\t\t\t<\/span>\n\t\t\t\t\t\t\t\t\t\t<span class=\"elementor-icon-list-text\">Orange<\/span>\n\t\t\t\t\t\t\t\t\t<\/li>\n\t\t\t\t\t\t\t\t<li class=\"elementor-icon-list-item\">\n\t\t\t\t\t\t\t\t\t\t\t<span class=\"elementor-icon-list-icon\">\n\t\t\t\t\t\t\t<svg aria-hidden=\"true\" class=\"e-font-icon-svg e-fas-check-circle\" viewbox=\"0 0 512 512\" xmlns=\"http:\/\/www.w3.org\/2000\/svg\"><path d=\"M504 256c0 136.967-111.033 248-248 248S8 392.967 8 256 119.033 8 256 8s248 111.033 248 248zM227.314 387.314l184-184c6.248-6.248 6.248-16.379 0-22.627l-22.627-22.627c-6.248-6.249-16.379-6.249-22.628 0L216 308.118l-70.059-70.059c-6.248-6.248-16.379-6.248-22.628 0l-22.627 22.627c-6.248 6.248-6.248 16.379 0 22.627l104 104c6.249 6.249 16.379 6.249 22.628.001z\"><\/path><\/svg>\t\t\t\t\t\t<\/span>\n\t\t\t\t\t\t\t\t\t\t<span class=\"elementor-icon-list-text\">Egg white<\/span>\n\t\t\t\t\t\t\t\t\t<\/li>\n\t\t\t\t\t\t<\/ul>\n\t\t\t\t\t\t<\/div>\n\t\t\t\t<\/div>\n\t\t\t\t<\/div>\n\t\t<div class=\"elementor-element elementor-element-3bafcc4 e-con-full e-flex e-con e-child\" data-id=\"3bafcc4\" data-element_type=\"container\">\n\t\t\t\t<div class=\"elementor-element elementor-element-01bc256 elementor-icon-list--layout-traditional elementor-list-item-link-full_width elementor-widget elementor-widget-icon-list\" data-id=\"01bc256\" data-element_type=\"widget\" data-widget_type=\"icon-list.default\">\n\t\t\t\t<div class=\"elementor-widget-container\">\n\t\t\t\t\t\t\t<ul class=\"elementor-icon-list-items\">\n\t\t\t\t\t\t\t<li class=\"elementor-icon-list-item\">\n\t\t\t\t\t\t\t\t\t\t\t<span class=\"elementor-icon-list-icon\">\n\t\t\t\t\t\t\t<svg aria-hidden=\"true\" class=\"e-font-icon-svg e-fas-check-circle\" viewbox=\"0 0 512 512\" xmlns=\"http:\/\/www.w3.org\/2000\/svg\"><path d=\"M504 256c0 136.967-111.033 248-248 248S8 392.967 8 256 119.033 8 256 8s248 111.033 248 248zM227.314 387.314l184-184c6.248-6.248 6.248-16.379 0-22.627l-22.627-22.627c-6.248-6.249-16.379-6.249-22.628 0L216 308.118l-70.059-70.059c-6.248-6.248-16.379-6.248-22.628 0l-22.627 22.627c-6.248 6.248-6.248 16.379 0 22.627l104 104c6.249 6.249 16.379 6.249 22.628.001z\"><\/path><\/svg>\t\t\t\t\t\t<\/span>\n\t\t\t\t\t\t\t\t\t\t<span class=\"elementor-icon-list-text\">Homemade pasta without oil and eggs (water, flour, spices)<\/span>\n\t\t\t\t\t\t\t\t\t<\/li>\n\t\t\t\t\t\t\t\t<li class=\"elementor-icon-list-item\">\n\t\t\t\t\t\t\t\t\t\t\t<span class=\"elementor-icon-list-icon\">\n\t\t\t\t\t\t\t<svg aria-hidden=\"true\" class=\"e-font-icon-svg e-fas-check-circle\" viewbox=\"0 0 512 512\" xmlns=\"http:\/\/www.w3.org\/2000\/svg\"><path d=\"M504 256c0 136.967-111.033 248-248 248S8 392.967 8 256 119.033 8 256 8s248 111.033 248 248zM227.314 387.314l184-184c6.248-6.248 6.248-16.379 0-22.627l-22.627-22.627c-6.248-6.249-16.379-6.249-22.628 0L216 308.118l-70.059-70.059c-6.248-6.248-16.379-6.248-22.628 0l-22.627 22.627c-6.248 6.248-6.248 16.379 0 22.627l104 104c6.249 6.249 16.379 6.249 22.628.001z\"><\/path><\/svg>\t\t\t\t\t\t<\/span>\n\t\t\t\t\t\t\t\t\t\t<span class=\"elementor-icon-list-text\">Cod fillet<\/span>\n\t\t\t\t\t\t\t\t\t<\/li>\n\t\t\t\t\t\t\t\t<li class=\"elementor-icon-list-item\">\n\t\t\t\t\t\t\t\t\t\t\t<span class=\"elementor-icon-list-icon\">\n\t\t\t\t\t\t\t<svg aria-hidden=\"true\" class=\"e-font-icon-svg e-fas-check-circle\" viewbox=\"0 0 512 512\" xmlns=\"http:\/\/www.w3.org\/2000\/svg\"><path d=\"M504 256c0 136.967-111.033 248-248 248S8 392.967 8 256 119.033 8 256 8s248 111.033 248 248zM227.314 387.314l184-184c6.248-6.248 6.248-16.379 0-22.627l-22.627-22.627c-6.248-6.249-16.379-6.249-22.628 0L216 308.118l-70.059-70.059c-6.248-6.248-16.379-6.248-22.628 0l-22.627 22.627c-6.248 6.248-6.248 16.379 0 22.627l104 104c6.249 6.249 16.379 6.249 22.628.001z\"><\/path><\/svg>\t\t\t\t\t\t<\/span>\n\t\t\t\t\t\t\t\t\t\t<span class=\"elementor-icon-list-text\">Cooked brown rice<\/span>\n\t\t\t\t\t\t\t\t\t<\/li>\n\t\t\t\t\t\t<\/ul>\n\t\t\t\t\t\t<\/div>\n\t\t\t\t<\/div>\n\t\t\t\t<\/div>\n\t\t\t\t<\/div>\n\t\t\t\t\t<\/div>\n\t\t\t\t<\/div>\n\t\t<div class=\"elementor-element elementor-element-c4abdbc e-flex e-con-boxed e-con e-parent\" data-id=\"c4abdbc\" data-element_type=\"container\" data-settings=\"{&quot;background_background&quot;:&quot;classic&quot;}\">\n\t\t\t\t\t<div class=\"e-con-inner\">\n\t\t\t\t<div class=\"elementor-element elementor-element-7ea1bb9 elementor-widget elementor-widget-text-editor\" data-id=\"7ea1bb9\" data-element_type=\"widget\" data-widget_type=\"text-editor.default\">\n\t\t\t\t<div class=\"elementor-widget-container\">\n\t\t\t\t\t\t\t\t\t<p>In all cases, pay attention to fluid intake! We recommend that you consume at least 2 liters of water a day and avoid fruit juices and carbonated soft drinks. The water can be flavored with lemon if desired.<\/p>\t\t\t\t\t\t\t\t<\/div>\n\t\t\t\t<\/div>\n\t\t\t\t\t<\/div>\n\t\t\t\t<\/div>\n\t\t\t\t<\/div>","protected":false},"excerpt":{"rendered":"<p>Teend\u0151k v\u00e9rv\u00e9tel el\u0151tt Mivel j\u00e1r a DualDur vizsg\u00e1lat?A vizsg\u00e1latot in vitro v\u00e9gezz\u00fck, teh\u00e1t a folyamat a szervezeten k\u00edv\u00fcl, ellen\u0151rz\u00f6tt laborat\u00f3riumi k\u00f6r\u00fclm\u00e9nyek k\u00f6z\u00f6tt zajlik. Ehhez el\u0151zetesen mind\u00f6ssze 4 ml v\u00e9rre van sz\u00fcks\u00e9g a p\u00e1cienst\u0151l, melyet k\u00e9pzett szakemberek vesznek le egyszeri alkalommal egy speci\u00e1lis folyad\u00e9kba. Hogyan k\u00e9sz\u00fclhet a DualDur vizsg\u00e1latra?A v\u00e9rv\u00e9tel szok\u00e1s szerint \u00e9hgyomorra t\u00f6rt\u00e9nik, a v\u00e9rv\u00e9tel [&hellip;]<\/p>","protected":false},"author":1,"featured_media":0,"parent":0,"menu_order":0,"comment_status":"closed","ping_status":"closed","template":"elementor_header_footer","meta":{"footnotes":""},"class_list":["post-1310","page","type-page","status-publish","hentry"],"yoast_head":"<!-- This site is optimized with the Yoast SEO Premium plugin v26.2 (Yoast SEO v26.5) - https:\/\/yoast.com\/wordpress\/plugins\/seo\/ -->\n<title>Teend\u0151k v\u00e9rv\u00e9tel el\u0151tt - DualDur<\/title>\n<meta name=\"robots\" content=\"noindex, follow, max-snippet:-1, max-image-preview:large, max-video-preview:-1\" \/>\n<meta property=\"og:locale\" content=\"en_US\" \/>\n<meta property=\"og:type\" content=\"article\" \/>\n<meta property=\"og:title\" content=\"Teend\u0151k v\u00e9rv\u00e9tel el\u0151tt\" \/>\n<meta property=\"og:description\" content=\"Teend\u0151k v\u00e9rv\u00e9tel el\u0151tt Mivel j\u00e1r a DualDur vizsg\u00e1lat?A vizsg\u00e1latot in vitro v\u00e9gezz\u00fck, teh\u00e1t a folyamat a szervezeten k\u00edv\u00fcl, ellen\u0151rz\u00f6tt laborat\u00f3riumi k\u00f6r\u00fclm\u00e9nyek k\u00f6z\u00f6tt zajlik. Ehhez el\u0151zetesen mind\u00f6ssze 4 ml v\u00e9rre van sz\u00fcks\u00e9g a p\u00e1cienst\u0151l, melyet k\u00e9pzett szakemberek vesznek le egyszeri alkalommal egy speci\u00e1lis folyad\u00e9kba. Hogyan k\u00e9sz\u00fclhet a DualDur vizsg\u00e1latra?A v\u00e9rv\u00e9tel szok\u00e1s szerint \u00e9hgyomorra t\u00f6rt\u00e9nik, a v\u00e9rv\u00e9tel [&hellip;]\" \/>\n<meta property=\"og:url\" content=\"https:\/\/uj.dualdur.com\/en\/teendok-vervetel-elott\/\" \/>\n<meta property=\"og:site_name\" content=\"DualDur\" \/>\n<meta property=\"article:modified_time\" content=\"2025-11-03T06:36:27+00:00\" \/>\n<meta name=\"twitter:card\" content=\"summary_large_image\" \/>\n<meta name=\"twitter:label1\" content=\"Est. reading time\" \/>\n\t<meta name=\"twitter:data1\" content=\"2 minutes\" \/>\n<script type=\"application\/ld+json\" class=\"yoast-schema-graph\">{\"@context\":\"https:\/\/schema.org\",\"@graph\":[{\"@type\":\"WebPage\",\"@id\":\"https:\/\/uj.dualdur.com\/teendok-vervetel-elott\/\",\"url\":\"https:\/\/uj.dualdur.com\/teendok-vervetel-elott\/\",\"name\":\"Teend\u0151k v\u00e9rv\u00e9tel el\u0151tt - DualDur\",\"isPartOf\":{\"@id\":\"https:\/\/uj.dualdur.com\/#website\"},\"datePublished\":\"2025-08-16T08:26:44+00:00\",\"dateModified\":\"2025-11-03T06:36:27+00:00\",\"breadcrumb\":{\"@id\":\"https:\/\/uj.dualdur.com\/teendok-vervetel-elott\/#breadcrumb\"},\"inLanguage\":\"en-US\",\"potentialAction\":[{\"@type\":\"ReadAction\",\"target\":[\"https:\/\/uj.dualdur.com\/teendok-vervetel-elott\/\"]}]},{\"@type\":\"BreadcrumbList\",\"@id\":\"https:\/\/uj.dualdur.com\/teendok-vervetel-elott\/#breadcrumb\",\"itemListElement\":[{\"@type\":\"ListItem\",\"position\":1,\"name\":\"Kezd\u0151lap\",\"item\":\"https:\/\/uj.dualdur.com\/\"},{\"@type\":\"ListItem\",\"position\":2,\"name\":\"Teend\u0151k v\u00e9rv\u00e9tel el\u0151tt\"}]},{\"@type\":\"WebSite\",\"@id\":\"https:\/\/uj.dualdur.com\/#website\",\"url\":\"https:\/\/uj.dualdur.com\/\",\"name\":\"DualDur\",\"description\":\"\",\"publisher\":{\"@id\":\"https:\/\/uj.dualdur.com\/#organization\"},\"potentialAction\":[{\"@type\":\"SearchAction\",\"target\":{\"@type\":\"EntryPoint\",\"urlTemplate\":\"https:\/\/uj.dualdur.com\/?s={search_term_string}\"},\"query-input\":{\"@type\":\"PropertyValueSpecification\",\"valueRequired\":true,\"valueName\":\"search_term_string\"}}],\"inLanguage\":\"en-US\"},{\"@type\":\"Organization\",\"@id\":\"https:\/\/uj.dualdur.com\/#organization\",\"name\":\"DualDur\",\"url\":\"https:\/\/uj.dualdur.com\/\",\"logo\":{\"@type\":\"ImageObject\",\"inLanguage\":\"en-US\",\"@id\":\"https:\/\/uj.dualdur.com\/#\/schema\/logo\/image\/\",\"url\":\"https:\/\/uj.dualdur.com\/wp-content\/uploads\/2025\/03\/dualdur-logo.png\",\"contentUrl\":\"https:\/\/uj.dualdur.com\/wp-content\/uploads\/2025\/03\/dualdur-logo.png\",\"width\":224,\"height\":56,\"caption\":\"DualDur\"},\"image\":{\"@id\":\"https:\/\/uj.dualdur.com\/#\/schema\/logo\/image\/\"}}]}<\/script>\n<!-- \/ Yoast SEO Premium plugin. -->","yoast_head_json":{"title":"Teend\u0151k v\u00e9rv\u00e9tel el\u0151tt - DualDur","robots":{"index":"noindex","follow":"follow","max-snippet":"max-snippet:-1","max-image-preview":"max-image-preview:large","max-video-preview":"max-video-preview:-1"},"og_locale":"en_US","og_type":"article","og_title":"Teend\u0151k v\u00e9rv\u00e9tel el\u0151tt","og_description":"Teend\u0151k v\u00e9rv\u00e9tel el\u0151tt Mivel j\u00e1r a DualDur vizsg\u00e1lat?A vizsg\u00e1latot in vitro v\u00e9gezz\u00fck, teh\u00e1t a folyamat a szervezeten k\u00edv\u00fcl, ellen\u0151rz\u00f6tt laborat\u00f3riumi k\u00f6r\u00fclm\u00e9nyek k\u00f6z\u00f6tt zajlik. Ehhez el\u0151zetesen mind\u00f6ssze 4 ml v\u00e9rre van sz\u00fcks\u00e9g a p\u00e1cienst\u0151l, melyet k\u00e9pzett szakemberek vesznek le egyszeri alkalommal egy speci\u00e1lis folyad\u00e9kba. Hogyan k\u00e9sz\u00fclhet a DualDur vizsg\u00e1latra?A v\u00e9rv\u00e9tel szok\u00e1s szerint \u00e9hgyomorra t\u00f6rt\u00e9nik, a v\u00e9rv\u00e9tel [&hellip;]","og_url":"https:\/\/uj.dualdur.com\/en\/teendok-vervetel-elott\/","og_site_name":"DualDur","article_modified_time":"2025-11-03T06:36:27+00:00","twitter_card":"summary_large_image","twitter_misc":{"Est. reading time":"2 minutes"},"schema":{"@context":"https:\/\/schema.org","@graph":[{"@type":"WebPage","@id":"https:\/\/uj.dualdur.com\/teendok-vervetel-elott\/","url":"https:\/\/uj.dualdur.com\/teendok-vervetel-elott\/","name":"Teend\u0151k v\u00e9rv\u00e9tel el\u0151tt - DualDur","isPartOf":{"@id":"https:\/\/uj.dualdur.com\/#website"},"datePublished":"2025-08-16T08:26:44+00:00","dateModified":"2025-11-03T06:36:27+00:00","breadcrumb":{"@id":"https:\/\/uj.dualdur.com\/teendok-vervetel-elott\/#breadcrumb"},"inLanguage":"en-US","potentialAction":[{"@type":"ReadAction","target":["https:\/\/uj.dualdur.com\/teendok-vervetel-elott\/"]}]},{"@type":"BreadcrumbList","@id":"https:\/\/uj.dualdur.com\/teendok-vervetel-elott\/#breadcrumb","itemListElement":[{"@type":"ListItem","position":1,"name":"Kezd\u0151lap","item":"https:\/\/uj.dualdur.com\/"},{"@type":"ListItem","position":2,"name":"Teend\u0151k v\u00e9rv\u00e9tel el\u0151tt"}]},{"@type":"WebSite","@id":"https:\/\/uj.dualdur.com\/#website","url":"https:\/\/uj.dualdur.com\/","name":"DualDur","description":"","publisher":{"@id":"https:\/\/uj.dualdur.com\/#organization"},"potentialAction":[{"@type":"SearchAction","target":{"@type":"EntryPoint","urlTemplate":"https:\/\/uj.dualdur.com\/?s={search_term_string}"},"query-input":{"@type":"PropertyValueSpecification","valueRequired":true,"valueName":"search_term_string"}}],"inLanguage":"en-US"},{"@type":"Organization","@id":"https:\/\/uj.dualdur.com\/#organization","name":"DualDur","url":"https:\/\/uj.dualdur.com\/","logo":{"@type":"ImageObject","inLanguage":"en-US","@id":"https:\/\/uj.dualdur.com\/#\/schema\/logo\/image\/","url":"https:\/\/uj.dualdur.com\/wp-content\/uploads\/2025\/03\/dualdur-logo.png","contentUrl":"https:\/\/uj.dualdur.com\/wp-content\/uploads\/2025\/03\/dualdur-logo.png","width":224,"height":56,"caption":"DualDur"},"image":{"@id":"https:\/\/uj.dualdur.com\/#\/schema\/logo\/image\/"}}]}},"_links":{"self":[{"href":"https:\/\/uj.dualdur.com\/en\/wp-json\/wp\/v2\/pages\/1310","targetHints":{"allow":["GET"]}}],"collection":[{"href":"https:\/\/uj.dualdur.com\/en\/wp-json\/wp\/v2\/pages"}],"about":[{"href":"https:\/\/uj.dualdur.com\/en\/wp-json\/wp\/v2\/types\/page"}],"author":[{"embeddable":true,"href":"https:\/\/uj.dualdur.com\/en\/wp-json\/wp\/v2\/users\/1"}],"replies":[{"embeddable":true,"href":"https:\/\/uj.dualdur.com\/en\/wp-json\/wp\/v2\/comments?post=1310"}],"version-history":[{"count":19,"href":"https:\/\/uj.dualdur.com\/en\/wp-json\/wp\/v2\/pages\/1310\/revisions"}],"predecessor-version":[{"id":1727,"href":"https:\/\/uj.dualdur.com\/en\/wp-json\/wp\/v2\/pages\/1310\/revisions\/1727"}],"wp:attachment":[{"href":"https:\/\/uj.dualdur.com\/en\/wp-json\/wp\/v2\/media?parent=1310"}],"curies":[{"name":"wp","href":"https:\/\/api.w.org\/{rel}","templated":true}]}}